{"id":1213,"date":"2021-05-26T17:20:38","date_gmt":"2021-05-26T17:20:38","guid":{"rendered":"https:\/\/corade.org\/?page_id=1213"},"modified":"2024-03-24T15:45:35","modified_gmt":"2024-03-24T15:45:35","slug":"drone-et-agriculture","status":"publish","type":"page","link":"https:\/\/corade.org\/en\/recherche-action-et-innovation\/drone-et-agriculture\/","title":{"rendered":"Drone &amp; Agriculture"},"content":{"rendered":"<div data-colibri-id=\"1213-c1\" class=\"style-2746 style-local-1213-c1 position-relative\">\n  <!---->\n  <div data-colibri-component=\"section\" data-colibri-id=\"1213-c2\" data-aos=\"fadeInDown\" id=\"hero\" class=\"h-section h-section-global-spacing d-flex align-items-lg-center align-items-md-center align-items-center style-3617 style-local-1213-c2 position-relative\">\n    <!---->\n    <!---->\n    <div class=\"h-section-grid-container h-section-fluid-container\">\n      <!---->\n      <div data-colibri-id=\"1213-c3\" class=\"h-row-container gutters-row-lg-0 gutters-row-md-0 gutters-row-0 gutters-row-v-lg-0 gutters-row-v-md-0 gutters-row-v-0 style-3618 style-local-1213-c3 position-relative\">\n        <!---->\n        <div class=\"h-row justify-content-lg-center justify-content-md-center justify-content-center align-items-lg-stretch align-items-md-stretch align-items-stretch gutters-col-lg-0 gutters-col-md-0 gutters-col-0 gutters-col-v-lg-0 gutters-col-v-md-0 gutters-col-v-0\">\n          <!---->\n          <div class=\"h-column h-column-container d-flex h-col-lg-auto h-col-md-auto h-col-auto style-3619-outer style-local-1213-c4-outer\">\n            <div data-colibri-id=\"1213-c4\" class=\"d-flex h-flex-basis h-column__inner h-px-lg-2 h-px-md-2 h-px-2 v-inner-lg-2 v-inner-md-2 v-inner-2 style-3619 style-local-1213-c4 position-relative\">\n              <!---->\n              <!---->\n              <div class=\"w-100 h-y-container h-column__content h-column__v-align flex-basis-100 align-self-lg-center align-self-md-center align-self-center\">\n                <!---->\n                <div data-colibri-id=\"1213-c5\" class=\"h-global-transition-all h-heading style-3620 style-local-1213-c5 position-relative h-element\">\n                  <!---->\n                  <div class=\"h-heading__outer style-3620 style-local-1213-c5\">\n                    <!---->\n                    <!---->\n                    <h1 class=\"\"><strong style=\"font-weight: 900; color: rgb(255, 255, 255); font-family: &quot;Playfair Display&quot;; font-size: 125%;\">Bigreen: Drone Agriculture et Environnement<\/strong><\/h1>\n                  <\/div>\n                <\/div>\n              <\/div>\n            <\/div>\n          <\/div>\n        <\/div>\n      <\/div>\n    <\/div>\n  <\/div>\n  <div data-colibri-component=\"section\" data-colibri-id=\"1213-c6\" id=\"reusable-sections\" class=\"h-section h-section-global-spacing d-flex align-items-lg-center align-items-md-center align-items-center style-3621 style-local-1213-c6 h-overflow-hidden position-relative\">\n    <!---->\n    <!---->\n    <div class=\"h-section-grid-container h-section-fluid-container\">\n      <!---->\n      <div data-colibri-id=\"1213-c7\" class=\"h-row-container gutters-row-lg-0 gutters-row-md-0 gutters-row-2 gutters-row-v-lg-0 gutters-row-v-md-0 gutters-row-v-2 style-3622 style-local-1213-c7 position-relative\">\n        <!---->\n        <div class=\"h-row justify-content-lg-center justify-content-md-center justify-content-center align-items-lg-stretch align-items-md-stretch align-items-stretch gutters-col-lg-0 gutters-col-md-0 gutters-col-2 gutters-col-v-lg-0 gutters-col-v-md-0 gutters-col-v-2\">\n          <!---->\n          <div data-aos=\"fadeInUp\" class=\"h-column h-column-container d-flex h-col-lg-auto h-col-md-auto h-col-auto style-3623-outer style-local-1213-c8-outer\">\n            <div data-colibri-id=\"1213-c8\" class=\"d-flex h-flex-basis h-column__inner h-ui-empty-state-container h-px-lg-0 h-px-md-0 h-px-0 v-inner-lg-0 v-inner-md-0 v-inner-0 colibri-featured-img-bg style-3623 style-local-1213-c8 position-relative\">\n              <!---->\n              <!---->\n              <div class=\"w-100 h-y-container h-column__content h-column__v-align flex-basis-100\">\n                <!---->\n              <\/div>\n            <\/div>\n          <\/div>\n          <div data-aos=\"fadeInUp\" class=\"h-column h-column-container d-flex h-col-lg-auto h-col-md-auto h-col-auto style-3624-outer style-local-1213-c9-outer\">\n            <div data-colibri-id=\"1213-c9\" class=\"d-flex h-flex-basis h-column__inner h-px-lg-0 h-px-md-0 h-px-0 v-inner-lg-0 v-inner-md-0 v-inner-0 style-3624 style-local-1213-c9 position-relative\">\n              <!---->\n              <!---->\n              <div class=\"w-100 h-y-container h-column__content h-column__v-align flex-basis-100 align-self-lg-start align-self-md-start align-self-start\">\n                <!---->\n                <div data-colibri-id=\"1213-c10\" class=\"h-global-transition-all h-heading style-3625 style-local-1213-c10 position-relative h-element\">\n                  <!---->\n                  <div class=\"h-heading__outer style-3625 style-local-1213-c10\">\n                    <!---->\n                    <!---->\n                    <h2 class=\"\"><strong style=\"font-weight: 900; font-family: &quot;Playfair Display&quot;;\">Done et Agriculture<\/strong><\/h2>\n                  <\/div>\n                <\/div>\n                <div data-colibri-id=\"1213-c11\" class=\"h-text h-text-component style-3626 style-local-1213-c11 position-relative h-element\">\n                  <!---->\n                  <!---->\n                  <div class=\"\">\n                    <h4><span style=\"font-family: Varela;\">BIGREEN : Bases Int\u00e9gr\u00e9es de Gestion des Ressources EnvironnementalesPour le d\u00e9veloppement de l\u2019offre de services avec le drone<\/span><\/h4>\n                  <\/div>\n                <\/div>\n                <div data-colibri-id=\"1213-c12\" class=\"h-global-transition-all h-heading style-3632 style-local-1213-c12 position-relative h-element\">\n                  <!---->\n                  <div class=\"h-heading__outer style-3632 style-local-1213-c12\">\n                    <!---->\n                    <!---->\n                    <h1 class=\"\">La Probl\u00e9matique<\/h1>\n                  <\/div>\n                <\/div>\n                <div data-colibri-id=\"1213-c13\" class=\"h-text h-text-component style-3633 style-local-1213-c13 position-relative h-element\">\n                  <!---->\n                  <!---->\n                  <div class=\"\">\n                    <p><span style=\"font-family: &quot;Playfair Display&quot;; font-weight: 400; font-size: 116%;\">Les producteurs agricoles face \u00e0 la complexit\u00e9 et la rapidit\u00e9 d\u2019\u00e9volution des ph\u00e9nom\u00e8nes \u00e9cologiques et socio\u00e9conomiques ont de plus en plus besoin d\u2019informations pr\u00e9cises et actualis\u00e9es sur leurs exploitations et l\u2019\u00e9tat environnemental de la terre.<\/span><\/p>\n                    <p><span style=\"font-family: &quot;Playfair Display&quot;; font-weight: 400; font-size: 116%;\">De nos jours, le d\u00e9veloppement des drones (baisse des couts, am\u00e9lioration de la qualit\u00e9) ouvre un domaine \u00e9mergent de valorisation des TIC pour l\u2019aide \u00e0 la d\u00e9cision en agriculture ainsi qu\u2019\u00e0 la gestion des ressources naturelles. La contribution du drone en milieu agricole est peut-\u00eatre appr\u00e9ci\u00e9e sous plusieurs angles : la surveillance des cultures, la lutte contre les nuisibles, l\u2019optimisation des besoins des cultures et des animaux, l\u2019augmentation des rendements, l\u2019att\u00e9nuation de l\u2019empreinte de l\u2019activit\u00e9 agricole sur l\u2019environnement toute en r\u00e9pondant aux besoins alimentaires croissants.<\/span><\/p>\n                  <\/div>\n                <\/div>\n              <\/div>\n            <\/div>\n          <\/div>\n        <\/div>\n      <\/div>\n    <\/div>\n  <\/div>\n  <div data-colibri-component=\"section\" data-colibri-id=\"1213-c14\" data-aos=\"fadeInUp\" id=\"reusable-sections-2\" class=\"h-section h-section-global-spacing d-flex align-items-lg-center align-items-md-center align-items-center style-3634 style-local-1213-c14 position-relative\">\n    <!---->\n    <!---->\n    <div class=\"h-section-grid-container h-section-boxed-container\">\n      <!---->\n      <div data-colibri-id=\"1213-c15\" class=\"h-row-container gutters-row-lg-2 gutters-row-md-2 gutters-row-0 gutters-row-v-lg-2 gutters-row-v-md-2 gutters-row-v-2 style-3635 style-local-1213-c15 position-relative\">\n        <!---->\n        <div class=\"h-row justify-content-lg-center justify-content-md-center justify-content-center align-items-lg-stretch align-items-md-stretch align-items-stretch gutters-col-lg-2 gutters-col-md-2 gutters-col-0 gutters-col-v-lg-2 gutters-col-v-md-2 gutters-col-v-2\">\n          <!---->\n          <div data-aos=\"fadeInUp\" class=\"h-column h-column-container d-flex h-col-lg-auto h-col-md-auto h-col-auto style-3636-outer style-local-1213-c16-outer\">\n            <div data-colibri-id=\"1213-c16\" class=\"d-flex h-flex-basis h-column__inner h-px-lg-2 h-px-md-2 h-px-2 v-inner-lg-2 v-inner-md-2 v-inner-2 style-3636 style-local-1213-c16 position-relative\">\n              <!---->\n              <!---->\n              <div class=\"w-100 h-y-container h-column__content h-column__v-align flex-basis-100 align-self-lg-start align-self-md-start align-self-start\">\n                <!---->\n                <div data-colibri-id=\"1213-c17\" class=\"h-global-transition-all h-heading style-3637 style-local-1213-c17 position-relative h-element\">\n                  <!---->\n                  <div class=\"h-heading__outer style-3637 style-local-1213-c17\">\n                    <!---->\n                    <!---->\n                    <h1 class=\"\"><span style=\"font-family: &quot;Arbutus Slab&quot;;\">L&rsquo;Objectif<\/span><\/h1>\n                  <\/div>\n                <\/div>\n                <div data-colibri-id=\"1213-c18\" class=\"h-text h-text-component style-3638 style-local-1213-c18 position-relative h-element\">\n                  <!---->\n                  <!---->\n                  <div class=\"\">\n                    <h4><span style=\"font-family: &quot;Playfair Display&quot;;\">D\u00e9velopper une offre de service utilisant le drone pour :<\/span><\/h4>\n                    <h4><span style=\"font-family: &quot;Playfair Display&quot;;\">&nbsp; &nbsp; &nbsp; &nbsp; &nbsp; &nbsp; &nbsp; &nbsp; &nbsp;\u2022<\/span> <span style=\"font-family: &quot;Playfair Display&quot;;\">Analyse de situation<\/span><\/h4>\n                    <h4><span style=\"font-family: &quot;Playfair Display&quot;; font-weight: 400; font-size: 16px; color: rgb(0, 0, 0);\">&nbsp; &nbsp; &nbsp; &nbsp; &nbsp; &nbsp; &nbsp; &nbsp; &nbsp; &nbsp;&nbsp;<\/span><span style=\"font-family: &quot;Playfair Display&quot;;\">\u2022<\/span>&nbsp;\n                      <span\n                        style=\"font-family: &quot;Playfair Display&quot;;\">Suivi-\u00e9valuation<\/span>\n                    <\/h4>\n                    <h4><span style=\"font-family: &quot;Playfair Display&quot;; font-weight: 400; font-size: 16px; color: rgb(0, 0, 0);\">&nbsp; &nbsp; &nbsp; &nbsp; &nbsp; &nbsp; &nbsp; &nbsp; &nbsp; &nbsp;&nbsp;<\/span><span style=\"font-family: &quot;Playfair Display&quot;;\">\u2022 L\u2019application des produits de traitement<\/span><\/h4>\n                    <h4><span style=\"font-family: &quot;Playfair Display&quot;; font-weight: 400; font-size: 16px; color: rgb(0, 0, 0);\">&nbsp; &nbsp; &nbsp; &nbsp; &nbsp; &nbsp; &nbsp; &nbsp; &nbsp; &nbsp; <\/span><span style=\"font-family: &quot;Playfair Display&quot;;\">\u2022<\/span>\n                      <span\n                        style=\"font-family: &quot;Playfair Display&quot;; font-weight: 400; font-size: 16px; color: rgb(0, 0, 0);\">&nbsp;<\/span><span style=\"font-family: &quot;Playfair Display&quot;;\">Inventaire des populations animales<\/span><\/h4>\n                    <h4><span style=\"font-family: &quot;Playfair Display&quot;; font-weight: 400; font-size: 16px; color: rgb(0, 0, 0);\">&nbsp;&nbsp;&nbsp;&nbsp;&nbsp;&nbsp;&nbsp;&nbsp;&nbsp;&nbsp;&nbsp;&nbsp;&nbsp;&nbsp;&nbsp;&nbsp;&nbsp;&nbsp;&nbsp;&nbsp;<\/span>\n                      <span\n                        style=\"font-family: &quot;Playfair Display&quot;;\">\u2022 La surveillance des aires prot\u00e9g\u00e9es<\/span>\n                    <\/h4>\n                    <p>\n                      <br>\n                    <\/p>\n                  <\/div>\n                <\/div>\n                <div data-colibri-id=\"1213-c19\" class=\"d-block style-3639 style-local-1213-c19 position-relative h-element\">\n                  <!---->\n                  <div class=\"h-image__frame-container-outer\">\n                    <div class=\"h-image__frame-container\">\n                      <!---->\n                      <!---->\n                      <img decoding=\"async\" width=\"1920\" height=\"2560\" data-src=\"https:\/\/corade.org\/wp-content\/uploads\/2021\/09\/DSC00273-scaled.jpg\" class=\"wp-image-7265 style-3639-image style-local-1213-c19-image lazyload\" alt=\"\" data-srcset=\"https:\/\/corade.org\/wp-content\/uploads\/2021\/09\/DSC00273-scaled.jpg 1920w, https:\/\/corade.org\/wp-content\/uploads\/2021\/09\/DSC00273-225x300.jpg 225w, https:\/\/corade.org\/wp-content\/uploads\/2021\/09\/DSC00273-768x1024.jpg 768w, https:\/\/corade.org\/wp-content\/uploads\/2021\/09\/DSC00273-1152x1536.jpg 1152w, https:\/\/corade.org\/wp-content\/uploads\/2021\/09\/DSC00273-1536x2048.jpg 1536w\" data-sizes=\"(max-width: 1920px) 100vw, 1920px\" src=\"data:image\/svg+xml;base64,PHN2ZyB3aWR0aD0iMSIgaGVpZ2h0PSIxIiB4bWxucz0iaHR0cDovL3d3dy53My5vcmcvMjAwMC9zdmciPjwvc3ZnPg==\" style=\"--smush-placeholder-width: 1920px; --smush-placeholder-aspect-ratio: 1920\/2560;\" \/>\n                      <div class=\"h-image__frame h-hide-lg h-hide-md h-hide-sm style-3639-frameImage style-local-1213-c19-frameImage\"><\/div>\n                    <\/div>\n                  <\/div>\n                <\/div>\n              <\/div>\n            <\/div>\n          <\/div>\n          <div data-aos=\"fadeInDown\" class=\"h-column h-column-container d-flex h-col-lg-auto h-col-md-auto h-col-auto style-3636-outer style-local-1213-c20-outer\">\n            <div data-colibri-id=\"1213-c20\" class=\"d-flex h-flex-basis h-column__inner h-px-lg-2 h-px-md-2 h-px-2 v-inner-lg-2 v-inner-md-2 v-inner-2 style-3636 style-local-1213-c20 position-relative\">\n              <!---->\n              <!---->\n              <div class=\"w-100 h-y-container h-column__content h-column__v-align flex-basis-100 align-self-lg-start align-self-md-start align-self-start\">\n                <!---->\n                <div data-colibri-id=\"1213-c21\" class=\"d-block style-3640 style-local-1213-c21 position-relative h-element\">\n                  <!---->\n                  <div class=\"h-image__frame-container-outer\">\n                    <div class=\"h-image__frame-container\">\n                      <!---->\n                      <!---->\n                      <img decoding=\"async\" width=\"1920\" height=\"2560\" data-src=\"https:\/\/corade.org\/wp-content\/uploads\/2021\/07\/IMG_20191017_134638-scaled.jpg\" class=\"wp-image-5206 style-3640-image style-local-1213-c21-image lazyload\" alt=\"\" data-srcset=\"https:\/\/corade.org\/wp-content\/uploads\/2021\/07\/IMG_20191017_134638-scaled.jpg 1920w, https:\/\/corade.org\/wp-content\/uploads\/2021\/07\/IMG_20191017_134638-225x300.jpg 225w, https:\/\/corade.org\/wp-content\/uploads\/2021\/07\/IMG_20191017_134638-768x1024.jpg 768w, https:\/\/corade.org\/wp-content\/uploads\/2021\/07\/IMG_20191017_134638-1152x1536.jpg 1152w, https:\/\/corade.org\/wp-content\/uploads\/2021\/07\/IMG_20191017_134638-1536x2048.jpg 1536w\" data-sizes=\"(max-width: 1920px) 100vw, 1920px\" src=\"data:image\/svg+xml;base64,PHN2ZyB3aWR0aD0iMSIgaGVpZ2h0PSIxIiB4bWxucz0iaHR0cDovL3d3dy53My5vcmcvMjAwMC9zdmciPjwvc3ZnPg==\" style=\"--smush-placeholder-width: 1920px; --smush-placeholder-aspect-ratio: 1920\/2560;\" \/>\n                      <div class=\"h-image__frame h-hide-lg h-hide-md h-hide-sm style-3640-frameImage style-local-1213-c21-frameImage\"><\/div>\n                    <\/div>\n                  <\/div>\n                <\/div>\n                <div data-colibri-id=\"1213-c22\" class=\"h-global-transition-all h-heading style-3641 style-local-1213-c22 position-relative h-element\">\n                  <!---->\n                  <div class=\"h-heading__outer style-3641 style-local-1213-c22\">\n                    <!---->\n                    <!---->\n                    <h1 class=\"\"><\/h1>\n                  <\/div>\n                <\/div>\n                <div data-colibri-id=\"1213-c23\" class=\"h-text h-text-component style-3638 style-local-1213-c23 position-relative h-element\">\n                  <!---->\n                  <!---->\n                  <div class=\"\"><\/div>\n                <\/div>\n              <\/div>\n            <\/div>\n          <\/div>\n        <\/div>\n      <\/div>\n    <\/div>\n  <\/div>\n  <div data-colibri-component=\"section\" data-colibri-id=\"1213-c24\" id=\"reusable-sections-3\" class=\"h-section h-section-global-spacing d-flex align-items-lg-center align-items-md-center align-items-center style-3643 style-local-1213-c24 position-relative\">\n    <!---->\n    <!---->\n    <div class=\"h-section-grid-container h-section-boxed-container\">\n      <!---->\n      <div data-colibri-id=\"1213-c25\" data-aos=\"fadeInUp\" class=\"h-row-container gutters-row-lg-2 gutters-row-md-2 gutters-row-0 gutters-row-v-lg-2 gutters-row-v-md-2 gutters-row-v-2 style-3644 style-local-1213-c25 position-relative\">\n        <!---->\n        <div class=\"h-row justify-content-lg-center justify-content-md-center justify-content-center align-items-lg-stretch align-items-md-stretch align-items-stretch gutters-col-lg-2 gutters-col-md-2 gutters-col-0 gutters-col-v-lg-2 gutters-col-v-md-2 gutters-col-v-2\">\n          <div style=\"height: 300px; top: calc(-1px);\" class=\"h-separator\">\n            <svg style=\"fill:rgba(247, 144, 7, 0.88);\" xmlns=\"http:\/\/www.w3.org\/2000\/svg\" viewbox=\"0 0 423.98 306.76\" preserveaspectratio=\"xMinYMin meet\">\n              <path d=\"M0,0V306.76C50.75,145.82,179.48,0,424,0Z\" transform=\"translate(0)\"><\/path>\n            <\/svg>\n          <\/div>\n          <div style=\"height: 300px; bottom: calc(-1px);\" class=\"h-separator\">\n            <svg style=\"fill:#f79007;transform:rotateX(180deg);\" xmlns=\"http:\/\/www.w3.org\/2000\/svg\" viewbox=\"0 0 423.98 306.76\" preserveaspectratio=\"xMaxYMin meet\">\n              <path d=\"M424,0V306.76C373.23,145.82,244.5,0,0,0Z\" transform=\"translate(0)\"><\/path>\n            <\/svg>\n          <\/div>\n          <div data-aos=\"fadeIn\" class=\"h-column h-column-container d-flex h-col-lg-auto h-col-md-auto h-col-auto style-3645-outer style-local-1213-c26-outer\">\n            <div data-colibri-id=\"1213-c26\" class=\"d-flex h-flex-basis h-column__inner h-px-lg-2 h-px-md-2 h-px-2 v-inner-lg-2 v-inner-md-2 v-inner-2 style-3645 style-local-1213-c26 position-relative\">\n              <!---->\n              <!---->\n              <div class=\"w-100 h-y-container h-column__content h-column__v-align flex-basis-100 align-self-lg-start align-self-md-start align-self-start\">\n                <!---->\n                <div data-colibri-id=\"1213-c27\" class=\"h-text h-text-component style-3638 style-local-1213-c27 position-relative h-element\">\n                  <!---->\n                  <!---->\n                  <div class=\"\">\n                    <h4>\n                      <br>\n                    <\/h4>\n                    <p>\n                      <br>\n                    <\/p>\n                  <\/div>\n                <\/div>\n              <\/div>\n            <\/div>\n          <\/div>\n          <div class=\"h-column h-column-container d-flex h-col-lg-auto h-col-md-auto h-col-auto style-3645-outer style-local-1213-c28-outer\">\n            <div data-colibri-id=\"1213-c28\" class=\"d-flex h-flex-basis h-column__inner h-px-lg-2 h-px-md-2 h-px-2 v-inner-lg-2 v-inner-md-2 v-inner-2 style-3645 style-local-1213-c28 position-relative\">\n              <!---->\n              <!---->\n              <div class=\"w-100 h-y-container h-column__content h-column__v-align flex-basis-100 align-self-lg-start align-self-md-start align-self-start\">\n                <!---->\n                <div data-colibri-id=\"1213-c29\" class=\"h-global-transition-all h-heading style-3648 style-local-1213-c29 position-relative h-element\">\n                  <!---->\n                  <div class=\"h-heading__outer style-3648 style-local-1213-c29\">\n                    <!---->\n                    <!---->\n                    <h1 class=\"\"><span style=\"font-family: &quot;Arbutus Slab&quot;;\">Les R\u00e9sultats \u00e0 ce Jour<\/span><\/h1>\n                  <\/div>\n                <\/div>\n                <div data-colibri-id=\"1213-c30\" class=\"h-text h-text-component style-3638 style-local-1213-c30 position-relative h-element\">\n                  <!---->\n                  <!---->\n                  <div class=\"\">\n                    <h5><span style=\"font-family: &quot;Open Sans&quot;;\">Corade assure la coordination de Burkina Faso FlyingLabs depuis septembre 2022. <br>Le FlyingLabs est un r\u00e9seau mondial de centres de connaissances ind\u00e9pendants r\u00e9unissant des experts locaux dans les services professionnels de drones, de donn\u00e9es, de robotique et d&rsquo;IA.&nbsp;<\/span><\/h5>\n                    <h5><span style=\"font-family: &quot;Open Sans&quot;;\"> Pour plus de d\u00e9tails <\/span>\n                      <a href=\"https:\/\/flyinglabs.org\/burkinafaso\" style=\"font-family: &quot;Open Sans&quot;;\" class=\"customize-unpreviewable\">ici<\/a><span style=\"font-family: &quot;Open Sans&quot;;\">.<\/span><\/h5>\n                    <h4><span style=\"color: rgb(0, 0, 0); font-size: 16px; font-weight: 400; font-family: &quot;Playfair Display&quot;;\">&nbsp;&nbsp;&nbsp;&nbsp;&nbsp;&nbsp;&nbsp;&nbsp;&nbsp;&nbsp;&nbsp;<\/span><\/h4>\n                    <p>\n                      <br>\n                    <\/p>\n                  <\/div>\n                <\/div>\n              <\/div>\n            <\/div>\n          <\/div>\n        <\/div>\n      <\/div>\n    <\/div>\n  <\/div>\n<\/div>","protected":false},"excerpt":{"rendered":"<p>Bigreen: Drone Agriculture et Environnement Done et Agriculture BIGREEN : Bases Int\u00e9gr\u00e9es de Gestion des Ressources EnvironnementalesPour le d\u00e9veloppement de l\u2019offre de services avec le drone La Probl\u00e9matique Les producteurs agricoles face \u00e0 la complexit\u00e9 et la rapidit\u00e9 d\u2019\u00e9volution des ph\u00e9nom\u00e8nes \u00e9cologiques et socio\u00e9conomiques ont de plus en plus besoin d\u2019informations pr\u00e9cises et actualis\u00e9es sur [&hellip;]<\/p>","protected":false},"author":1,"featured_media":0,"parent":164,"menu_order":0,"comment_status":"closed","ping_status":"closed","template":"page-templates\/full-width-page.php","meta":{"footnotes":""},"class_list":["post-1213","page","type-page","status-publish","hentry"],"jetpack_sharing_enabled":true,"_links":{"self":[{"href":"https:\/\/corade.org\/en\/wp-json\/wp\/v2\/pages\/1213","targetHints":{"allow":["GET"]}}],"collection":[{"href":"https:\/\/corade.org\/en\/wp-json\/wp\/v2\/pages"}],"about":[{"href":"https:\/\/corade.org\/en\/wp-json\/wp\/v2\/types\/page"}],"author":[{"embeddable":true,"href":"https:\/\/corade.org\/en\/wp-json\/wp\/v2\/users\/1"}],"replies":[{"embeddable":true,"href":"https:\/\/corade.org\/en\/wp-json\/wp\/v2\/comments?post=1213"}],"version-history":[{"count":20,"href":"https:\/\/corade.org\/en\/wp-json\/wp\/v2\/pages\/1213\/revisions"}],"predecessor-version":[{"id":8679,"href":"https:\/\/corade.org\/en\/wp-json\/wp\/v2\/pages\/1213\/revisions\/8679"}],"up":[{"embeddable":true,"href":"https:\/\/corade.org\/en\/wp-json\/wp\/v2\/pages\/164"}],"wp:attachment":[{"href":"https:\/\/corade.org\/en\/wp-json\/wp\/v2\/media?parent=1213"}],"curies":[{"name":"wp","href":"https:\/\/api.w.org\/{rel}","templated":true}]}}