{"id":1216,"date":"2021-05-26T17:20:38","date_gmt":"2021-05-26T17:20:38","guid":{"rendered":"https:\/\/corade.org\/?page_id=1216"},"modified":"2023-01-17T16:22:18","modified_gmt":"2023-01-17T16:22:18","slug":"suivi-et-conseil-a-distance-des-entreprises-agricoles","status":"publish","type":"page","link":"https:\/\/corade.org\/en\/recherche-action-et-innovation\/suivi-et-conseil-a-distance-des-entreprises-agricoles\/","title":{"rendered":"Remote monitoring and support for farm businesses"},"content":{"rendered":"<div data-colibri-id=\"1216-c1\" class=\"style-2001 style-local-1216-c1 position-relative\">\n  <!---->\n  <div data-colibri-component=\"section\" data-colibri-id=\"1216-c2\" data-aos=\"fadeInDown\" id=\"hero\" class=\"h-section h-section-global-spacing d-flex align-items-lg-center align-items-md-center align-items-center style-3650 style-local-1216-c2 position-relative\">\n    <!---->\n    <!---->\n    <div class=\"h-section-grid-container h-section-fluid-container\">\n      <!---->\n      <div data-colibri-id=\"1216-c3\" class=\"h-row-container gutters-row-lg-0 gutters-row-md-0 gutters-row-0 gutters-row-v-lg-0 gutters-row-v-md-0 gutters-row-v-0 style-3651 style-local-1216-c3 position-relative\">\n        <!---->\n        <div class=\"h-row justify-content-lg-center justify-content-md-center justify-content-center align-items-lg-stretch align-items-md-stretch align-items-stretch gutters-col-lg-0 gutters-col-md-0 gutters-col-0 gutters-col-v-lg-0 gutters-col-v-md-0 gutters-col-v-0\">\n          <!---->\n          <div class=\"h-column h-column-container d-flex h-col-lg-auto h-col-md-auto h-col-auto style-3652-outer style-local-1216-c4-outer\">\n            <div data-colibri-id=\"1216-c4\" class=\"d-flex h-flex-basis h-column__inner h-px-lg-2 h-px-md-2 h-px-2 v-inner-lg-2 v-inner-md-2 v-inner-2 style-3652 style-local-1216-c4 position-relative\">\n              <!---->\n              <!---->\n              <div class=\"w-100 h-y-container h-column__content h-column__v-align flex-basis-100 align-self-lg-center align-self-md-center align-self-center\">\n                <!---->\n                <div data-colibri-id=\"1216-c5\" class=\"h-global-transition-all h-heading style-3653 style-local-1216-c5 position-relative h-element\">\n                  <!---->\n                  <div class=\"h-heading__outer style-3653 style-local-1216-c5\">\n                    <!---->\n                    <!---->\n                    <h1 class=\"\"><strong style=\"font-size: 125%; font-family: &quot;Playfair Display&quot;; color: rgb(255, 255, 255); font-weight: 900;\">Remote Monitoring and Consulting for Agricultural Businesses&nbsp;<\/strong><\/h1>\n                  <\/div>\n                <\/div>\n              <\/div>\n            <\/div>\n          <\/div>\n        <\/div>\n      <\/div>\n    <\/div>\n  <\/div>\n  <div data-colibri-component=\"section\" data-colibri-id=\"1216-c6\" id=\"reusable-sections\" class=\"h-section h-section-global-spacing d-flex align-items-lg-center align-items-md-center align-items-center style-3654 style-local-1216-c6 h-overflow-hidden position-relative\">\n    <!---->\n    <!---->\n    <div class=\"h-section-grid-container h-section-fluid-container\">\n      <!---->\n      <div data-colibri-id=\"1216-c7\" class=\"h-row-container gutters-row-lg-0 gutters-row-md-0 gutters-row-2 gutters-row-v-lg-0 gutters-row-v-md-0 gutters-row-v-2 style-3655 style-local-1216-c7 position-relative\">\n        <!---->\n        <div class=\"h-row justify-content-lg-center justify-content-md-center justify-content-center align-items-lg-stretch align-items-md-stretch align-items-stretch gutters-col-lg-0 gutters-col-md-0 gutters-col-2 gutters-col-v-lg-0 gutters-col-v-md-0 gutters-col-v-2\">\n          <!---->\n          <div data-aos=\"fadeInUp\" class=\"h-column h-column-container d-flex h-col-lg-auto h-col-md-auto h-col-auto style-3656-outer style-local-1216-c8-outer\">\n            <div data-colibri-id=\"1216-c8\" class=\"d-flex h-flex-basis h-column__inner h-ui-empty-state-container h-px-lg-0 h-px-md-0 h-px-0 v-inner-lg-0 v-inner-md-0 v-inner-0 style-3656 style-local-1216-c8 position-relative\">\n              <!---->\n              <!---->\n              <div class=\"w-100 h-y-container h-column__content h-column__v-align flex-basis-100\">\n                <!---->\n              <\/div>\n            <\/div>\n          <\/div>\n          <div data-aos=\"fadeInUp\" class=\"h-column h-column-container d-flex h-col-lg-auto h-col-md-auto h-col-auto style-3657-outer style-local-1216-c9-outer\">\n            <div data-colibri-id=\"1216-c9\" class=\"d-flex h-flex-basis h-column__inner h-px-lg-0 h-px-md-0 h-px-0 v-inner-lg-0 v-inner-md-0 v-inner-0 style-3657 style-local-1216-c9 position-relative\">\n              <!---->\n              <!---->\n              <div class=\"w-100 h-y-container h-column__content h-column__v-align flex-basis-100 align-self-lg-start align-self-md-start align-self-start\">\n                <!---->\n                <div data-colibri-id=\"1216-c10\" class=\"h-global-transition-all h-heading style-3658 style-local-1216-c10 position-relative h-element\">\n                  <!---->\n                  <div class=\"h-heading__outer style-3658 style-local-1216-c10\">\n                    <!---->\n                    <!---->\n                    <h2 class=\"\"><strong style=\"font-weight: 900; font-family: &quot;Playfair Display&quot;;\">Remote Monitoring and Consulting for Agricultural Businesses<\/strong><\/h2>\n                  <\/div>\n                <\/div>\n                <div data-colibri-id=\"1216-c11\" class=\"h-global-transition-all h-heading style-3665 style-local-1216-c11 position-relative h-element\">\n                  <!---->\n                  <div class=\"h-heading__outer style-3665 style-local-1216-c11\">\n                    <!---->\n                    <!---->\n                    <h1 class=\"\">La Probl\u00e9matique<\/h1>\n                  <\/div>\n                <\/div>\n                <div data-colibri-id=\"1216-c12\" class=\"h-text h-text-component style-3666 style-local-1216-c12 position-relative h-element\">\n                  <!---->\n                  <!---->\n                  <div class=\"\">\n                    <p><span style=\"font-family: &quot;Playfair Display&quot;; font-size: 122%;\">Plusieurs promoteurs d\u2019initiatives \u00e9conomiques dans le domaine agricole sont confront\u00e9s aux difficult\u00e9s de suivi des principales variables permettant le pilotage efficace de l\u2019initiative.<\/span><\/p>\n                    <p><span style=\"font-family: &quot;Playfair Display&quot;; font-size: 122%;\">Cette situation est due essentiellement au fait que dans la majorit\u00e9 des cas les sites de ces initiatives sont assez \u00e9loign\u00e9s des r\u00e9sidences des promoteurs et la faiblesse des ressources humaines ne permet de d\u00e9celer \u00e0 temps certains probl\u00e8mes techniques et d\u2019identifier les solutions ad\u00e9quates.<\/span><\/p>\n                    <p><span style=\"font-family: &quot;Playfair Display&quot;; font-size: 122%;\">La garantie de l\u2019acc\u00e8s permanent du promoteur \u00e0 des informations sur les activit\u00e9s r\u00e9duit les n\u00e9gligences et les inconduites du personnel sur le site entre deux visites du promoteur.<\/span><\/p>\n                  <\/div>\n                <\/div>\n              <\/div>\n            <\/div>\n          <\/div>\n        <\/div>\n      <\/div>\n    <\/div>\n  <\/div>\n  <div data-colibri-component=\"section\" data-colibri-id=\"1216-c13\" id=\"custom\" class=\"h-section h-section-global-spacing d-flex align-items-lg-center align-items-md-center align-items-center style-3989 style-local-1216-c13 position-relative\">\n    <!---->\n    <!---->\n    <div class=\"h-section-grid-container h-section-fluid-container\">\n      <!---->\n      <div data-colibri-id=\"1216-c14\" class=\"h-row-container gutters-row-lg-2 gutters-row-md-2 gutters-row-0 gutters-row-v-lg-2 gutters-row-v-md-2 gutters-row-v-2 style-3998 style-local-1216-c14 position-relative\">\n        <!---->\n        <div class=\"h-row justify-content-lg-center justify-content-md-center justify-content-center align-items-lg-stretch align-items-md-stretch align-items-stretch gutters-col-lg-2 gutters-col-md-2 gutters-col-0 gutters-col-v-lg-2 gutters-col-v-md-2 gutters-col-v-2\">\n          <!---->\n          <div class=\"h-column h-column-container d-flex h-col-lg-auto h-col-md-auto h-col-auto style-3999-outer style-local-1216-c15-outer\">\n            <div data-colibri-id=\"1216-c15\" class=\"d-flex h-flex-basis h-column__inner h-px-lg-2 h-px-md-2 h-px-2 v-inner-lg-2 v-inner-md-2 v-inner-2 style-3999 style-local-1216-c15 position-relative\">\n              <!---->\n              <!---->\n              <div class=\"w-100 h-y-container h-column__content h-column__v-align flex-basis-100 align-self-lg-start align-self-md-start align-self-start\">\n                <!---->\n                <div data-colibri-id=\"1216-c16\" class=\"h-global-transition-all h-heading style-3670 style-local-1216-c16 position-relative h-element\">\n                  <!---->\n                  <div data-aos=\"fadeInUp\" class=\"h-heading__outer style-3670 style-local-1216-c16\">\n                    <!---->\n                    <!---->\n                    <h1 class=\"\"><span style=\"font-family: &quot;Arbutus Slab&quot;;\">L&rsquo;Objectif<\/span><\/h1>\n                  <\/div>\n                <\/div>\n              <\/div>\n            <\/div>\n          <\/div>\n        <\/div>\n      <\/div>\n      <div data-colibri-id=\"1216-c17\" class=\"h-row-container gutters-row-lg-2 gutters-row-md-2 gutters-row-0 gutters-row-v-lg-2 gutters-row-v-md-2 gutters-row-v-2 style-3996 style-local-1216-c17 position-relative\">\n        <!---->\n        <div class=\"h-row justify-content-lg-center justify-content-md-center justify-content-center align-items-lg-stretch align-items-md-stretch align-items-stretch gutters-col-lg-2 gutters-col-md-2 gutters-col-0 gutters-col-v-lg-2 gutters-col-v-md-2 gutters-col-v-2\">\n          <!---->\n          <div class=\"h-column h-column-container d-flex h-col-lg-auto h-col-md-auto h-col-auto style-3997-outer style-local-1216-c18-outer\">\n            <div data-colibri-id=\"1216-c18\" class=\"d-flex h-flex-basis h-column__inner h-px-lg-2 h-px-md-2 h-px-2 v-inner-lg-2 v-inner-md-2 v-inner-2 style-3997 style-local-1216-c18 position-relative\">\n              <!---->\n              <!---->\n              <div class=\"w-100 h-y-container h-column__content h-column__v-align flex-basis-100 align-self-lg-start align-self-md-start align-self-start\">\n                <!---->\n                <div data-colibri-id=\"1216-c19\" data-aos=\"fadeInUp\" class=\"h-text h-text-component style-3671 style-local-1216-c19 position-relative h-element\">\n                  <!---->\n                  <!---->\n                  <div class=\"\">\n                    <h4><strong style=\"font-weight: 900; font-family: &quot;Playfair Display&quot;; font-size: 151%;\">D\u00e9velopper une offre de service utilisant le drone pour :<\/strong><\/h4>\n                    <p><span style=\"color: rgb(0, 0, 0); font-family: &quot;Playfair Display&quot;; font-size: 146%; font-weight: 400;\">Mettre au point une plateforme qui permet le suivi \u00e0 distance des entreprises agricoles \u00e0 l\u2019aide des technologies de l\u2019information et de la communication.<\/span><\/p>\n                  <\/div>\n                <\/div>\n              <\/div>\n            <\/div>\n          <\/div>\n        <\/div>\n      <\/div>\n      <div data-colibri-id=\"1216-c20\" class=\"h-row-container gutters-row-lg-2 gutters-row-md-2 gutters-row-0 gutters-row-v-lg-2 gutters-row-v-md-2 gutters-row-v-2 style-3990 style-local-1216-c20 position-relative\">\n        <!---->\n        <div class=\"h-row justify-content-lg-center justify-content-md-center justify-content-center align-items-lg-stretch align-items-md-stretch align-items-stretch gutters-col-lg-2 gutters-col-md-2 gutters-col-0 gutters-col-v-lg-2 gutters-col-v-md-2 gutters-col-v-2\">\n          <!---->\n          <div class=\"h-column h-column-container d-flex h-col-lg-auto h-col-md-auto h-col-auto style-3991-outer style-local-1216-c21-outer\">\n            <div data-colibri-id=\"1216-c21\" class=\"d-flex h-flex-basis h-column__inner h-px-lg-2 h-px-md-2 h-px-2 v-inner-lg-2 v-inner-md-2 v-inner-2 style-3991 style-local-1216-c21 position-relative\">\n              <!---->\n              <!---->\n              <div class=\"w-100 h-y-container h-column__content h-column__v-align flex-basis-100 align-self-lg-start align-self-md-start align-self-start\">\n                <!---->\n                <div data-colibri-id=\"1216-c22\" data-aos=\"fadeInUp\" class=\"d-block style-3672 style-local-1216-c22 position-relative h-element\">\n                  <!---->\n                  <div class=\"h-image__frame-container-outer\">\n                    <div class=\"h-image__frame-container\">\n                      <!---->\n                      <!---->\n                      <img decoding=\"async\" width=\"1280\" height=\"1279\" data-src=\"https:\/\/corade.org\/wp-content\/uploads\/2021\/06\/cropped-IMG_20191025_100928_9-scaled-1.jpg\" class=\"wp-image-7277 style-3672-image style-local-1216-c22-image lazyload\" alt=\"\" data-srcset=\"https:\/\/corade.org\/wp-content\/uploads\/2021\/06\/cropped-IMG_20191025_100928_9-scaled-1.jpg 1280w, https:\/\/corade.org\/wp-content\/uploads\/2021\/06\/cropped-IMG_20191025_100928_9-scaled-1-300x300.jpg 300w, https:\/\/corade.org\/wp-content\/uploads\/2021\/06\/cropped-IMG_20191025_100928_9-scaled-1-1024x1024.jpg 1024w, https:\/\/corade.org\/wp-content\/uploads\/2021\/06\/cropped-IMG_20191025_100928_9-scaled-1-150x150.jpg 150w, https:\/\/corade.org\/wp-content\/uploads\/2021\/06\/cropped-IMG_20191025_100928_9-scaled-1-768x767.jpg 768w\" data-sizes=\"(max-width: 1280px) 100vw, 1280px\" src=\"data:image\/svg+xml;base64,PHN2ZyB3aWR0aD0iMSIgaGVpZ2h0PSIxIiB4bWxucz0iaHR0cDovL3d3dy53My5vcmcvMjAwMC9zdmciPjwvc3ZnPg==\" style=\"--smush-placeholder-width: 1280px; --smush-placeholder-aspect-ratio: 1280\/1279;\" \/>\n                      <div class=\"h-image__frame h-hide-lg h-hide-md h-hide-sm style-3672-frameImage style-local-1216-c22-frameImage\"><\/div>\n                    <\/div>\n                  <\/div>\n                <\/div>\n              <\/div>\n            <\/div>\n          <\/div>\n          <div class=\"h-column h-column-container d-flex h-col-lg-auto h-col-md-auto h-col-auto style-3992-outer style-local-1216-c23-outer\">\n            <div data-colibri-id=\"1216-c23\" class=\"d-flex h-flex-basis h-column__inner h-px-lg-2 h-px-md-2 h-px-2 v-inner-lg-2 v-inner-md-2 v-inner-2 style-3992 style-local-1216-c23 position-relative\">\n              <!---->\n              <!---->\n              <div class=\"w-100 h-y-container h-column__content h-column__v-align flex-basis-100 align-self-lg-start align-self-md-start align-self-start\">\n                <!---->\n                <div data-colibri-id=\"1216-c24\" data-aos=\"fadeInUp\" class=\"d-block style-3673 style-local-1216-c24 position-relative h-element\">\n                  <!---->\n                  <div class=\"h-image__frame-container-outer\">\n                    <div class=\"h-image__frame-container\">\n                      <!---->\n                      <!---->\n                      <img decoding=\"async\" width=\"1919\" height=\"1919\" data-src=\"https:\/\/corade.org\/wp-content\/uploads\/2021\/06\/cropped-Site-de-YONLI-Oulipaguini-Avant-2-scaled-1.jpg\" class=\"wp-image-7276 style-3673-image style-local-1216-c24-image lazyload\" alt=\"\" data-srcset=\"https:\/\/corade.org\/wp-content\/uploads\/2021\/06\/cropped-Site-de-YONLI-Oulipaguini-Avant-2-scaled-1.jpg 1919w, https:\/\/corade.org\/wp-content\/uploads\/2021\/06\/cropped-Site-de-YONLI-Oulipaguini-Avant-2-scaled-1-300x300.jpg 300w, https:\/\/corade.org\/wp-content\/uploads\/2021\/06\/cropped-Site-de-YONLI-Oulipaguini-Avant-2-scaled-1-1024x1024.jpg 1024w, https:\/\/corade.org\/wp-content\/uploads\/2021\/06\/cropped-Site-de-YONLI-Oulipaguini-Avant-2-scaled-1-150x150.jpg 150w, https:\/\/corade.org\/wp-content\/uploads\/2021\/06\/cropped-Site-de-YONLI-Oulipaguini-Avant-2-scaled-1-768x768.jpg 768w, https:\/\/corade.org\/wp-content\/uploads\/2021\/06\/cropped-Site-de-YONLI-Oulipaguini-Avant-2-scaled-1-1536x1536.jpg 1536w\" data-sizes=\"(max-width: 1919px) 100vw, 1919px\" src=\"data:image\/svg+xml;base64,PHN2ZyB3aWR0aD0iMSIgaGVpZ2h0PSIxIiB4bWxucz0iaHR0cDovL3d3dy53My5vcmcvMjAwMC9zdmciPjwvc3ZnPg==\" style=\"--smush-placeholder-width: 1919px; --smush-placeholder-aspect-ratio: 1919\/1919;\" \/>\n                      <div class=\"h-image__frame h-hide-lg h-hide-md h-hide-sm style-3673-frameImage style-local-1216-c24-frameImage\"><\/div>\n                    <\/div>\n                  <\/div>\n                <\/div>\n              <\/div>\n            <\/div>\n          <\/div>\n        <\/div>\n      <\/div>\n    <\/div>\n  <\/div>\n  <div data-colibri-component=\"section\" data-colibri-id=\"1216-c25\" data-aos=\"fadeInUp\" id=\"reusable-sections-3\" class=\"h-section h-section-global-spacing d-flex align-items-lg-center align-items-md-center align-items-center style-3676 style-local-1216-c25 position-relative\">\n    <!---->\n    <!---->\n    <div class=\"h-section-grid-container h-section-boxed-container\">\n      <!---->\n      <div data-colibri-id=\"1216-c26\" class=\"h-row-container gutters-row-lg-2 gutters-row-md-2 gutters-row-0 gutters-row-v-lg-2 gutters-row-v-md-2 gutters-row-v-2 style-3677 style-local-1216-c26 position-relative\">\n        <!---->\n        <div class=\"h-row justify-content-lg-center justify-content-md-center justify-content-center align-items-lg-stretch align-items-md-stretch align-items-stretch gutters-col-lg-2 gutters-col-md-2 gutters-col-0 gutters-col-v-lg-2 gutters-col-v-md-2 gutters-col-v-2\">\n          <div class=\"h-separator\" style=\"height: 300px; top: calc(-1px);\">\n            <svg style=\"fill:rgba(247, 144, 7, 0.88);\" xmlns=\"http:\/\/www.w3.org\/2000\/svg\" viewbox=\"0 0 423.98 306.76\" preserveaspectratio=\"xMinYMin meet\">\n              <path d=\"M0,0V306.76C50.75,145.82,179.48,0,424,0Z\" transform=\"translate(0)\"><\/path>\n            <\/svg>\n          <\/div>\n          <div class=\"h-separator\" style=\"height: 300px; bottom: calc(-1px);\">\n            <svg style=\"fill:#f79007;transform:rotateX(180deg);\" xmlns=\"http:\/\/www.w3.org\/2000\/svg\" viewbox=\"0 0 423.98 306.76\" preserveaspectratio=\"xMaxYMin meet\">\n              <path d=\"M424,0V306.76C373.23,145.82,244.5,0,0,0Z\" transform=\"translate(0)\"><\/path>\n            <\/svg>\n          <\/div>\n          <div data-aos=\"fadeIn\" class=\"h-column h-column-container d-flex h-col-lg-auto h-col-md-auto h-col-auto style-3678-outer style-local-1216-c27-outer\">\n            <div data-colibri-id=\"1216-c27\" class=\"d-flex h-flex-basis h-column__inner h-px-lg-2 h-px-md-2 h-px-2 v-inner-lg-2 v-inner-md-2 v-inner-2 style-3678 style-local-1216-c27 position-relative\">\n              <!---->\n              <!---->\n              <div class=\"w-100 h-y-container h-column__content h-column__v-align flex-basis-100 align-self-lg-start align-self-md-start align-self-start\">\n                <!---->\n                <div data-colibri-id=\"1216-c28\" class=\"h-global-transition-all h-heading style-3679 style-local-1216-c28 position-relative h-element\">\n                  <!---->\n                  <div class=\"h-heading__outer style-3679 style-local-1216-c28\">\n                    <!---->\n                    <!---->\n                    <h1 class=\"\"><span style=\"font-family: &quot;Arbutus Slab&quot;;\">Les Partenaires Potentiels<\/span><\/h1>\n                  <\/div>\n                <\/div>\n                <div data-colibri-id=\"1216-c29\" class=\"h-text h-text-component style-3680 style-local-1216-c29 position-relative h-element\">\n                  <!---->\n                  <!---->\n                  <div class=\"\">\n                    <h4><span style=\"font-size: 120%; font-family: &quot;Playfair Display&quot;;\">&nbsp;&nbsp;&nbsp;&nbsp;&nbsp;&nbsp;&nbsp;&nbsp;&nbsp;&nbsp;&nbsp;&nbsp;&nbsp;&nbsp;&nbsp;<\/span><\/h4>\n                    <p>\n                      <br>\n                    <\/p>\n                  <\/div>\n                <\/div>\n              <\/div>\n            <\/div>\n          <\/div>\n          <div class=\"h-column h-column-container d-flex h-col-lg-auto h-col-md-auto h-col-auto style-3678-outer style-local-1216-c30-outer\">\n            <div data-colibri-id=\"1216-c30\" class=\"d-flex h-flex-basis h-column__inner h-px-lg-2 h-px-md-2 h-px-2 v-inner-lg-2 v-inner-md-2 v-inner-2 style-3678 style-local-1216-c30 position-relative\">\n              <!---->\n              <!---->\n              <div class=\"w-100 h-y-container h-column__content h-column__v-align flex-basis-100 align-self-lg-start align-self-md-start align-self-start\">\n                <!---->\n                <div data-colibri-id=\"1216-c31\" class=\"h-global-transition-all h-heading style-3681 style-local-1216-c31 position-relative h-element\">\n                  <!---->\n                  <div class=\"h-heading__outer style-3681 style-local-1216-c31\">\n                    <!---->\n                    <!---->\n                    <h1 class=\"\"><span style=\"font-family: &quot;Arbutus Slab&quot;;\">Les R\u00e9sultats \u00e0 ce Jour<\/span><\/h1>\n                  <\/div>\n                <\/div>\n                <div data-colibri-id=\"1216-c32\" class=\"h-text h-text-component style-3682 style-local-1216-c32 position-relative h-element\">\n                  <!---->\n                  <!---->\n                  <div class=\"\">\n                    <h4>\n                      <br>\n                    <\/h4>\n                    <p>\n                      <br>\n                    <\/p>\n                  <\/div>\n                <\/div>\n              <\/div>\n            <\/div>\n          <\/div>\n        <\/div>\n      <\/div>\n    <\/div>\n  <\/div>\n<\/div>","protected":false},"excerpt":{"rendered":"<p>Suivi et Conseil \u00e0 Distance des Entreprises Agricoles&nbsp; Suivi et Conseil \u00e0 Distance des Entreprises Agricoles La Probl\u00e9matique Plusieurs promoteurs d\u2019initiatives \u00e9conomiques dans le domaine agricole sont confront\u00e9s aux difficult\u00e9s de suivi des principales variables permettant le pilotage efficace de l\u2019initiative. Cette situation est due essentiellement au fait que dans la majorit\u00e9 des cas les [&hellip;]<\/p>","protected":false},"author":1,"featured_media":0,"parent":164,"menu_order":0,"comment_status":"closed","ping_status":"closed","template":"page-templates\/full-width-page.php","meta":{"footnotes":""},"class_list":["post-1216","page","type-page","status-publish","hentry"],"jetpack_sharing_enabled":true,"_links":{"self":[{"href":"https:\/\/corade.org\/en\/wp-json\/wp\/v2\/pages\/1216","targetHints":{"allow":["GET"]}}],"collection":[{"href":"https:\/\/corade.org\/en\/wp-json\/wp\/v2\/pages"}],"about":[{"href":"https:\/\/corade.org\/en\/wp-json\/wp\/v2\/types\/page"}],"author":[{"embeddable":true,"href":"https:\/\/corade.org\/en\/wp-json\/wp\/v2\/users\/1"}],"replies":[{"embeddable":true,"href":"https:\/\/corade.org\/en\/wp-json\/wp\/v2\/comments?post=1216"}],"version-history":[{"count":21,"href":"https:\/\/corade.org\/en\/wp-json\/wp\/v2\/pages\/1216\/revisions"}],"predecessor-version":[{"id":8308,"href":"https:\/\/corade.org\/en\/wp-json\/wp\/v2\/pages\/1216\/revisions\/8308"}],"up":[{"embeddable":true,"href":"https:\/\/corade.org\/en\/wp-json\/wp\/v2\/pages\/164"}],"wp:attachment":[{"href":"https:\/\/corade.org\/en\/wp-json\/wp\/v2\/media?parent=1216"}],"curies":[{"name":"wp","href":"https:\/\/api.w.org\/{rel}","templated":true}]}}