{"id":164,"date":"2010-09-15T08:02:28","date_gmt":"2010-09-15T08:02:28","guid":{"rendered":"http:\/\/elegantthemes.com\/preview\/DeepFocus\/?page_id=164"},"modified":"2022-09-06T13:23:26","modified_gmt":"2022-09-06T13:23:26","slug":"recherche-action-et-innovation","status":"publish","type":"page","link":"https:\/\/corade.org\/en\/recherche-action-et-innovation\/","title":{"rendered":"Research-Action"},"content":{"rendered":"<div data-colibri-id=\"164-c1\" class=\"style-2267 style-local-164-c1 position-relative\">\n  <!---->\n  <div data-colibri-component=\"section\" data-colibri-id=\"164-c2\" id=\"features-3\" class=\"h-section h-section-global-spacing d-flex align-items-lg-center align-items-md-center align-items-center style-2300 style-local-164-c2 position-relative\">\n    <!---->\n    <!---->\n    <div class=\"h-section-grid-container h-section-boxed-container\">\n      <!---->\n      <div data-colibri-id=\"164-c3\" class=\"h-row-container gutters-row-lg-2 gutters-row-md-2 gutters-row-0 gutters-row-v-lg-2 gutters-row-v-md-2 gutters-row-v-2 style-2315 style-local-164-c3 position-relative\">\n        <!---->\n        <div class=\"h-row justify-content-lg-center justify-content-md-center justify-content-center align-items-lg-stretch align-items-md-stretch align-items-stretch gutters-col-lg-2 gutters-col-md-2 gutters-col-0 gutters-col-v-lg-2 gutters-col-v-md-2 gutters-col-v-2\">\n          <!---->\n          <div class=\"h-column h-column-container d-flex h-col-lg-auto h-col-md-auto h-col-auto style-2316-outer style-local-164-c4-outer\">\n            <div data-colibri-id=\"164-c4\" class=\"d-flex h-flex-basis h-column__inner h-px-lg-2 h-px-md-2 h-px-2 v-inner-lg-2 v-inner-md-2 v-inner-2 style-2316 style-local-164-c4 position-relative\">\n              <!---->\n              <!---->\n              <div class=\"w-100 h-y-container h-column__content h-column__v-align flex-basis-100 align-self-lg-start align-self-md-start align-self-start\">\n                <!---->\n                <div data-colibri-id=\"164-c5\" class=\"h-global-transition-all h-heading style-2284 style-local-164-c5 position-relative h-element\">\n                  <!---->\n                  <div class=\"h-heading__outer style-2284 style-local-164-c5\">\n                    <!---->\n                    <!---->\n                    <h2 class=\"\">&nbsp;&nbsp;&nbsp;&nbsp;&nbsp;&nbsp;&nbsp;&nbsp;&nbsp;\n                      <br>\n                    <\/h2>\n                  <\/div>\n                <\/div>\n              <\/div>\n            <\/div>\n          <\/div>\n        <\/div>\n      <\/div>\n      <div data-colibri-id=\"164-c6\" class=\"h-row-container gutters-row-lg-0 gutters-row-md-0 gutters-row-0 gutters-row-v-lg-0 gutters-row-v-md-0 gutters-row-v-0 style-2301 style-local-164-c6 position-relative\">\n        <!---->\n        <div class=\"h-row justify-content-lg-center justify-content-md-center justify-content-center align-items-lg-stretch align-items-md-stretch align-items-stretch gutters-col-lg-0 gutters-col-md-0 gutters-col-0 gutters-col-v-lg-0 gutters-col-v-md-0 gutters-col-v-0\">\n          <!---->\n          <div class=\"h-column h-column-container d-flex h-col-lg-3 h-col-md-3 h-col-12 style-2302-outer style-local-164-c7-outer\">\n            <div data-colibri-id=\"164-c7\" class=\"d-flex h-flex-basis h-column__inner h-px-lg-0 h-px-md-0 h-px-0 v-inner-lg-0 v-inner-md-0 v-inner-0 style-2302 style-local-164-c7 position-relative\">\n              <div class=\"background-wrapper\">\n                <div class=\"background-layer background-layer-media-container-lg\">\n                  <!---->\n                  <div class=\"overlay-layer\">\n                    <div class=\"overlay-image-layer\" style=\"background-color: rgb(3, 169, 244); opacity: 0.7;\"><\/div>\n                  <\/div>\n                <\/div>\n                <div class=\"background-layer background-layer-media-container-md\">\n                  <!---->\n                  <div class=\"overlay-layer\">\n                    <div class=\"overlay-image-layer\" style=\"background-color: rgb(3, 169, 244); opacity: 0.7;\"><\/div>\n                  <\/div>\n                <\/div>\n                <div class=\"background-layer background-layer-media-container\">\n                  <!---->\n                  <div class=\"overlay-layer\">\n                    <div class=\"overlay-image-layer\" style=\"background-color: rgb(3, 169, 244); opacity: 0.7;\"><\/div>\n                  <\/div>\n                <\/div>\n              <\/div>\n              <!---->\n              <div class=\"w-100 h-y-container h-column__content h-column__v-align flex-basis-100 align-self-lg-center align-self-md-center align-self-center\">\n                <!---->\n                <div data-colibri-id=\"164-c8\" class=\"h-global-transition-all h-heading style-2303 style-local-164-c8 position-relative h-element\">\n                  <!---->\n                  <div class=\"h-heading__outer style-2303 style-local-164-c8\">\n                    <!---->\n                    <!---->\n                    <a href=\"https:\/\/corade.org\/en\/recherche-action-et-innovation\/tylay-2\/\" h-use-smooth-scroll=\"true\">\n                      <h3 class=\"\">TYLAY<\/h3>\n                    <\/a>\n                  <\/div>\n                <\/div>\n              <\/div>\n            <\/div>\n          <\/div>\n          <div class=\"h-column h-column-container d-flex h-col-lg-3 h-col-md-3 h-col-12 style-2306-outer style-local-164-c9-outer\">\n            <div data-colibri-id=\"164-c9\" class=\"d-flex h-flex-basis h-column__inner h-px-lg-3 h-px-md-3 h-px-3 v-inner-lg-3 v-inner-md-3 v-inner-3 style-2306 style-local-164-c9 position-relative\">\n              <div class=\"background-wrapper\">\n                <div class=\"background-layer background-layer-media-container-lg\">\n                  <!---->\n                  <div class=\"overlay-layer\">\n                    <div class=\"overlay-image-layer\" style=\"background-color: rgb(255, 255, 255); opacity: 0.8;\"><\/div>\n                  <\/div>\n                <\/div>\n                <div class=\"background-layer background-layer-media-container-md\">\n                  <!---->\n                  <div class=\"overlay-layer\">\n                    <div class=\"overlay-image-layer\" style=\"background-color: rgb(255, 255, 255); opacity: 0.8;\"><\/div>\n                  <\/div>\n                <\/div>\n                <div class=\"background-layer background-layer-media-container\">\n                  <!---->\n                  <div class=\"overlay-layer\">\n                    <div class=\"overlay-image-layer\" style=\"background-color: rgb(255, 255, 255); opacity: 0.8;\"><\/div>\n                  <\/div>\n                <\/div>\n              <\/div>\n              <!---->\n              <div class=\"w-100 h-y-container h-column__content h-column__v-align flex-basis-100 align-self-lg-center align-self-md-center align-self-center\">\n                <!---->\n                <div data-colibri-id=\"164-c10\" class=\"h-global-transition-all h-heading style-2303 style-local-164-c10 position-relative h-element\">\n                  <!---->\n                  <div class=\"h-heading__outer style-2303 style-local-164-c10\">\n                    <!---->\n                    <!---->\n                    <a href=\"https:\/\/corade.org\/en\/recherche-action-et-innovation\/drone-et-agriculture\/\" h-use-smooth-scroll=\"true\">\n                      <h3 class=\"\">Drone and\n                        <br>Agriculture<\/h3>\n                    <\/a>\n                  <\/div>\n                <\/div>\n              <\/div>\n            <\/div>\n          <\/div>\n          <div class=\"h-column h-column-container d-flex h-col-lg-3 h-col-md-3 h-col-12 style-2310-outer style-local-164-c11-outer\">\n            <div data-colibri-id=\"164-c11\" class=\"d-flex h-flex-basis h-column__inner h-px-lg-3 h-px-md-3 h-px-3 v-inner-lg-3 v-inner-md-3 v-inner-3 style-2310 style-local-164-c11 position-relative\">\n              <div class=\"background-wrapper\">\n                <div class=\"background-layer background-layer-media-container-lg\">\n                  <!---->\n                  <div class=\"overlay-layer\">\n                    <div class=\"overlay-image-layer\" style=\"background-color: rgb(3, 169, 244); opacity: 0.75;\"><\/div>\n                  <\/div>\n                <\/div>\n                <div class=\"background-layer background-layer-media-container-md\">\n                  <!---->\n                  <div class=\"overlay-layer\">\n                    <div class=\"overlay-image-layer\" style=\"background-color: rgb(3, 169, 244); opacity: 0.75;\"><\/div>\n                  <\/div>\n                <\/div>\n                <div class=\"background-layer background-layer-media-container\">\n                  <!---->\n                  <div class=\"overlay-layer\">\n                    <div class=\"overlay-image-layer\" style=\"background-color: rgb(3, 169, 244); opacity: 0.75;\"><\/div>\n                  <\/div>\n                <\/div>\n              <\/div>\n              <!---->\n              <div class=\"w-100 h-y-container h-column__content h-column__v-align flex-basis-100 align-self-lg-center align-self-md-center align-self-center\">\n                <!---->\n                <div data-colibri-id=\"164-c12\" class=\"h-global-transition-all h-heading style-2303 style-local-164-c12 position-relative h-element\">\n                  <!---->\n                  <div class=\"h-heading__outer style-2303 style-local-164-c12\">\n                    <!---->\n                    <!---->\n                    <a href=\"https:\/\/corade.org\/en\/recherche-action-et-innovation\/suivi-et-conseil-a-distance-des-entreprises-agricoles\/\" h-use-smooth-scroll=\"true\">\n                      <h3 class=\"\">Remote monitoring and support for farm businesses<\/h3>\n                    <\/a>\n                  <\/div>\n                <\/div>\n              <\/div>\n            <\/div>\n          <\/div>\n          <div class=\"h-column h-column-container d-flex h-col-lg-3 h-col-md-3 h-col-12 style-2314-outer style-local-164-c13-outer\">\n            <div data-colibri-id=\"164-c13\" class=\"d-flex h-flex-basis h-column__inner h-px-lg-3 h-px-md-3 h-px-3 v-inner-lg-3 v-inner-md-3 v-inner-3 style-2314 style-local-164-c13 position-relative\">\n              <div class=\"background-wrapper\">\n                <div class=\"background-layer background-layer-media-container-lg\">\n                  <!---->\n                  <div class=\"overlay-layer\">\n                    <div class=\"overlay-image-layer\" style=\"background-color: rgb(255, 255, 255); opacity: 0.8;\"><\/div>\n                  <\/div>\n                <\/div>\n                <div class=\"background-layer background-layer-media-container-md\">\n                  <!---->\n                  <div class=\"overlay-layer\">\n                    <div class=\"overlay-image-layer\" style=\"background-color: rgb(255, 255, 255); opacity: 0.8;\"><\/div>\n                  <\/div>\n                <\/div>\n                <div class=\"background-layer background-layer-media-container\">\n                  <!---->\n                  <div class=\"overlay-layer\">\n                    <div class=\"overlay-image-layer\" style=\"background-color: rgb(255, 255, 255); opacity: 0.8;\"><\/div>\n                  <\/div>\n                <\/div>\n              <\/div>\n              <!---->\n              <div class=\"w-100 h-y-container h-column__content h-column__v-align flex-basis-100 align-self-lg-center align-self-md-center align-self-center\">\n                <!---->\n                <div data-colibri-id=\"164-c14\" class=\"h-global-transition-all h-heading style-2303 style-local-164-c14 position-relative h-element\">\n                  <!---->\n                  <div class=\"h-heading__outer style-2303 style-local-164-c14\">\n                    <!---->\n                    <!---->\n                    <a href=\"https:\/\/corade.org\/en\/recherche-action-et-innovation\/developpement-des-produits-agricoles-transformes\/\" h-use-smooth-scroll=\"true\">\n                      <h3 class=\"\">Development of processed farm products<\/h3>\n                    <\/a>\n                  <\/div>\n                <\/div>\n              <\/div>\n            <\/div>\n          <\/div>\n        <\/div>\n      <\/div>\n    <\/div>\n  <\/div>\n<\/div>","protected":false},"excerpt":{"rendered":"<p>&nbsp;&nbsp;&nbsp;&nbsp;&nbsp;&nbsp;&nbsp;&nbsp;&nbsp; TYLAY Drone et agriculture Suivi et conseil \u00e0 distance des entreprises agricoles D\u00e9veloppement des produits agricoles transform\u00e9s<\/p>","protected":false},"author":1,"featured_media":0,"parent":0,"menu_order":0,"comment_status":"closed","ping_status":"closed","template":"page-templates\/full-width-page.php","meta":{"footnotes":""},"class_list":["post-164","page","type-page","status-publish","hentry"],"jetpack_sharing_enabled":true,"_links":{"self":[{"href":"https:\/\/corade.org\/en\/wp-json\/wp\/v2\/pages\/164","targetHints":{"allow":["GET"]}}],"collection":[{"href":"https:\/\/corade.org\/en\/wp-json\/wp\/v2\/pages"}],"about":[{"href":"https:\/\/corade.org\/en\/wp-json\/wp\/v2\/types\/page"}],"author":[{"embeddable":true,"href":"https:\/\/corade.org\/en\/wp-json\/wp\/v2\/users\/1"}],"replies":[{"embeddable":true,"href":"https:\/\/corade.org\/en\/wp-json\/wp\/v2\/comments?post=164"}],"version-history":[{"count":15,"href":"https:\/\/corade.org\/en\/wp-json\/wp\/v2\/pages\/164\/revisions"}],"predecessor-version":[{"id":8106,"href":"https:\/\/corade.org\/en\/wp-json\/wp\/v2\/pages\/164\/revisions\/8106"}],"wp:attachment":[{"href":"https:\/\/corade.org\/en\/wp-json\/wp\/v2\/media?parent=164"}],"curies":[{"name":"wp","href":"https:\/\/api.w.org\/{rel}","templated":true}]}}