{"id":235,"date":"2010-09-15T08:21:10","date_gmt":"2010-09-15T08:21:10","guid":{"rendered":"http:\/\/elegantthemes.com\/preview\/DeepFocus\/?page_id=235"},"modified":"2023-01-24T15:44:37","modified_gmt":"2023-01-24T15:44:37","slug":"offres-de-formation","status":"publish","type":"page","link":"https:\/\/corade.org\/en\/offres-de-formation\/","title":{"rendered":"Our training programs"},"content":{"rendered":"<div data-colibri-id=\"235-c1\" class=\"style-2199 style-local-235-c1 position-relative\">\n  <!---->\n  <div data-colibri-component=\"section\" data-colibri-id=\"235-c2\" id=\"features\" class=\"h-section h-section-global-spacing d-flex align-items-lg-center align-items-md-center align-items-center style-2204 style-local-235-c2 position-relative\">\n    <!---->\n    <!---->\n    <div class=\"h-section-grid-container h-section-boxed-container\">\n      <!---->\n      <div data-colibri-id=\"235-c3\" class=\"h-row-container gutters-row-lg-2 gutters-row-md-2 gutters-row-2 gutters-row-v-lg-2 gutters-row-v-md-2 gutters-row-v-2 style-2205 style-local-235-c3 position-relative\">\n        <!---->\n        <div class=\"h-row justify-content-lg-start justify-content-md-start justify-content-start align-items-lg-stretch align-items-md-stretch align-items-stretch gutters-col-lg-2 gutters-col-md-2 gutters-col-2 gutters-col-v-lg-2 gutters-col-v-md-2 gutters-col-v-2\">\n          <!---->\n          <div data-aos=\"fadeInUp\" class=\"h-column h-column-container d-flex h-col-lg-4 h-col-md-6 h-col-12 style-2206-outer style-local-235-c4-outer\">\n            <div data-colibri-id=\"235-c4\" class=\"d-flex h-flex-basis h-column__inner h-px-lg-0 h-px-md-0 h-px-0 v-inner-lg-0 v-inner-md-0 v-inner-0 style-2206 style-local-235-c4 position-relative\">\n              <!---->\n              <!---->\n              <div class=\"w-100 h-y-container h-column__content h-column__v-align flex-basis-100 align-self-lg-start align-self-md-start align-self-start\">\n                <!---->\n                <div data-colibri-id=\"235-c5\" class=\"d-block style-2260 style-local-235-c5 position-relative h-element\">\n                  <!---->\n                  <div class=\"h-image__frame-container-outer\">\n                    <a href=\"https:\/\/corade.org\/en\/mediation-et-gestion-des-conflits\/\" h-use-smooth-scroll=\"true\" class=\"image-link\">\n                      <div class=\"h-image__frame-container\">\n                        <!---->\n                        <!---->\n                        <img decoding=\"async\" width=\"1024\" height=\"768\" data-src=\"https:\/\/corade.org\/wp-content\/uploads\/2021\/06\/offre-de-formation-1.jpg\" class=\"wp-image-4829 style-2260-image style-local-235-c5-image lazyload\" alt=\"\" data-srcset=\"https:\/\/corade.org\/wp-content\/uploads\/2021\/06\/offre-de-formation-1.jpg 1024w, https:\/\/corade.org\/wp-content\/uploads\/2021\/06\/offre-de-formation-1-300x225.jpg 300w, https:\/\/corade.org\/wp-content\/uploads\/2021\/06\/offre-de-formation-1-768x576.jpg 768w\" data-sizes=\"(max-width: 1024px) 100vw, 1024px\" src=\"data:image\/svg+xml;base64,PHN2ZyB3aWR0aD0iMSIgaGVpZ2h0PSIxIiB4bWxucz0iaHR0cDovL3d3dy53My5vcmcvMjAwMC9zdmciPjwvc3ZnPg==\" style=\"--smush-placeholder-width: 1024px; --smush-placeholder-aspect-ratio: 1024\/768;\" \/>\n                        <div class=\"h-image__frame h-hide-lg h-hide-md h-hide-sm style-2260-frameImage style-local-235-c5-frameImage\"><\/div>\n                      <\/div>\n                    <\/a>\n                  <\/div>\n                <\/div>\n                <div data-colibri-id=\"235-c6\" class=\"h-global-transition-all h-heading style-2263 style-local-235-c6 position-relative h-element\">\n                  <!---->\n                  <div class=\"h-heading__outer style-2263 style-local-235-c6\">\n                    <!---->\n                    <!---->\n                    <a href=\"https:\/\/corade.org\/en\/mediation-et-gestion-des-conflits\/\" h-use-smooth-scroll=\"true\">\n                      <h4 class=\"\">Tylay<\/h4>\n                    <\/a>\n                  <\/div>\n                <\/div>\n                <div data-colibri-id=\"235-c7\" class=\"h-text h-text-component style-2264 style-local-235-c7 position-relative h-element\">\n                  <!---->\n                  <!---->\n                  <div class=\"\">\n                    <p>The Tylay approach is an accompanying approach centered on the person's life.<\/p>\n                  <\/div>\n                <\/div>\n                <div data-colibri-id=\"235-c8\" class=\"h-x-container style-2265 style-local-235-c8 position-relative h-element\">\n                  <!---->\n                  <div class=\"h-x-container-inner style-dynamic-235-c8-group style-2265-spacing style-local-235-c8-spacing\"><span class=\"h-link__outer style-2266-outer style-local-235-c9-outer d-inline-flex h-element\"><a h-use-smooth-scroll=\"true\" href=\"https:\/\/corade.org\/en\/mediation-et-gestion-des-conflits\/\"  data-colibri-id=\"235-c9\" class=\"d-flex w-100 align-items-center h-link style-2266 style-local-235-c9 position-relative\"><!----><!----> <span>D\u00e9couvrir<\/span>                    <span class=\"h-svg-icon h-link__icon style-2266-icon style-local-235-c9-icon\"><!--Icon by Icons8 Line Awesome (https:\/\/icons8.com\/line-awesome)--><svg version=\"1.1\" xmlns=\"http:\/\/www.w3.org\/2000\/svg\" xmlns:xlink=\"http:\/\/www.w3.org\/1999\/xlink\" id=\"angle-double-right\" viewbox=\"0 0 512 545.5\"><path d=\"M145.5 108.5l168 168L325 288l-11.5 11.5-168 168-22.5-23L279.5 288 123 131.5zm112 0l168 168L437 288l-11.5 11.5-168 168-22.5-23L391.5 288 235 131.5z\"><\/path><\/svg><\/span><\/a>\n                    <\/span>\n                  <\/div>\n                <\/div>\n              <\/div>\n            <\/div>\n          <\/div>\n          <div data-aos=\"fadeInUp\" class=\"h-column h-column-container d-flex h-col-lg-4 h-col-md-6 h-col-12 style-2206-outer style-local-235-c10-outer\">\n            <div data-colibri-id=\"235-c10\" class=\"d-flex h-flex-basis h-column__inner h-px-lg-0 h-px-md-0 h-px-0 v-inner-lg-0 v-inner-md-0 v-inner-0 style-2206 style-local-235-c10 position-relative\">\n              <!---->\n              <!---->\n              <div class=\"w-100 h-y-container h-column__content h-column__v-align flex-basis-100 align-self-lg-start align-self-md-start align-self-start\">\n                <!---->\n                <div data-colibri-id=\"235-c11\" class=\"d-block style-2207 style-local-235-c11 position-relative h-element\">\n                  <!---->\n                  <div class=\"h-image__frame-container-outer\">\n                    <a href=\"https:\/\/corade.org\/en\/offres-de-formation\/integration-des-odd-dans-la-planification-locale\/\" h-use-smooth-scroll=\"true\" class=\"image-link\">\n                      <div class=\"h-image__frame-container\">\n                        <!---->\n                        <!---->\n                        <img decoding=\"async\" width=\"1024\" height=\"768\" data-src=\"https:\/\/corade.org\/wp-content\/uploads\/2021\/06\/Travail-dequipe.jpg\" class=\"wp-image-4830 style-2207-image style-local-235-c11-image lazyload\" alt=\"\" data-srcset=\"https:\/\/corade.org\/wp-content\/uploads\/2021\/06\/Travail-dequipe.jpg 1024w, https:\/\/corade.org\/wp-content\/uploads\/2021\/06\/Travail-dequipe-300x225.jpg 300w, https:\/\/corade.org\/wp-content\/uploads\/2021\/06\/Travail-dequipe-768x576.jpg 768w\" data-sizes=\"(max-width: 1024px) 100vw, 1024px\" src=\"data:image\/svg+xml;base64,PHN2ZyB3aWR0aD0iMSIgaGVpZ2h0PSIxIiB4bWxucz0iaHR0cDovL3d3dy53My5vcmcvMjAwMC9zdmciPjwvc3ZnPg==\" style=\"--smush-placeholder-width: 1024px; --smush-placeholder-aspect-ratio: 1024\/768;\" \/>\n                        <div class=\"h-image__frame h-hide-lg h-hide-md h-hide-sm style-2207-frameImage style-local-235-c11-frameImage\"><\/div>\n                      <\/div>\n                    <\/a>\n                  <\/div>\n                <\/div>\n                <div data-colibri-id=\"235-c12\" class=\"h-row-container gutters-row-lg-0 gutters-row-md-0 gutters-row-2 gutters-row-v-lg-0 gutters-row-v-md-0 gutters-row-v-2 style-2208 style-local-235-c12 position-relative\">\n                  <!---->\n                  <div class=\"h-row justify-content-lg-center justify-content-md-center justify-content-center align-items-lg-stretch align-items-md-stretch align-items-stretch gutters-col-lg-0 gutters-col-md-0 gutters-col-2 gutters-col-v-lg-0 gutters-col-v-md-0 gutters-col-v-2\">\n                    <!---->\n                    <div class=\"h-column h-column-container d-flex h-col-lg-auto h-col-md-auto h-col-auto style-2209-outer style-local-235-c13-outer\">\n                      <div data-colibri-id=\"235-c13\" class=\"d-flex h-flex-basis h-column__inner h-px-lg-2 h-px-md-3 h-px-2 v-inner-lg-2 v-inner-md-3 v-inner-2 style-2209 style-local-235-c13 position-relative\">\n                        <!---->\n                        <!---->\n                        <div class=\"w-100 h-y-container h-column__content h-column__v-align flex-basis-100 align-self-lg-start align-self-md-start align-self-start\">\n                          <!---->\n                          <div data-colibri-id=\"235-c14\" class=\"h-global-transition-all h-heading style-2210 style-local-235-c14 position-relative h-element\">\n                            <!---->\n                            <div class=\"h-heading__outer style-2210 style-local-235-c14\">\n                              <!---->\n                              <!---->\n                              <a href=\"https:\/\/corade.org\/en\/offres-de-formation\/integration-des-odd-dans-la-planification-locale\/\" h-use-smooth-scroll=\"true\">\n                                <h4 class=\"\">Teamwork and interpersonal communication<\/h4>\n                              <\/a>\n                            <\/div>\n                          <\/div>\n                        <\/div>\n                      <\/div>\n                    <\/div>\n                  <\/div>\n                <\/div>\n              <\/div>\n            <\/div>\n          <\/div>\n          <div data-aos=\"fadeInUp\" class=\"h-column h-column-container d-flex h-col-lg-4 h-col-md-6 h-col-12 style-2206-outer style-local-235-c15-outer\">\n            <div data-colibri-id=\"235-c15\" class=\"d-flex h-flex-basis h-column__inner h-px-lg-0 h-px-md-0 h-px-0 v-inner-lg-0 v-inner-md-0 v-inner-0 style-2206 style-local-235-c15 position-relative\">\n              <!---->\n              <!---->\n              <div class=\"w-100 h-y-container h-column__content h-column__v-align flex-basis-100 align-self-lg-start align-self-md-start align-self-start\">\n                <!---->\n                <div data-colibri-id=\"235-c16\" class=\"d-block style-2207 style-local-235-c16 position-relative h-element\">\n                  <!---->\n                  <div class=\"h-image__frame-container-outer\">\n                    <a href=\"https:\/\/corade.org\/en\/offres-de-formation\/la-gestion-axee-sur-les-resultats\/\" h-use-smooth-scroll=\"true\" class=\"image-link\">\n                      <div class=\"h-image__frame-container\">\n                        <!---->\n                        <!---->\n                        <img decoding=\"async\" width=\"2560\" height=\"1920\" data-src=\"https:\/\/corade.org\/wp-content\/uploads\/2021\/06\/cropped-DSC01807-scaled-2.jpg\" class=\"wp-image-4420 style-2207-image style-local-235-c16-image lazyload\" alt=\"\" data-srcset=\"https:\/\/corade.org\/wp-content\/uploads\/2021\/06\/cropped-DSC01807-scaled-2.jpg 2560w, https:\/\/corade.org\/wp-content\/uploads\/2021\/06\/cropped-DSC01807-scaled-2-300x225.jpg 300w, https:\/\/corade.org\/wp-content\/uploads\/2021\/06\/cropped-DSC01807-scaled-2-1024x768.jpg 1024w, https:\/\/corade.org\/wp-content\/uploads\/2021\/06\/cropped-DSC01807-scaled-2-768x576.jpg 768w, https:\/\/corade.org\/wp-content\/uploads\/2021\/06\/cropped-DSC01807-scaled-2-1536x1152.jpg 1536w, https:\/\/corade.org\/wp-content\/uploads\/2021\/06\/cropped-DSC01807-scaled-2-2048x1536.jpg 2048w\" data-sizes=\"(max-width: 2560px) 100vw, 2560px\" src=\"data:image\/svg+xml;base64,PHN2ZyB3aWR0aD0iMSIgaGVpZ2h0PSIxIiB4bWxucz0iaHR0cDovL3d3dy53My5vcmcvMjAwMC9zdmciPjwvc3ZnPg==\" style=\"--smush-placeholder-width: 2560px; --smush-placeholder-aspect-ratio: 2560\/1920;\" \/>\n                        <div class=\"h-image__frame h-hide-lg h-hide-md h-hide-sm style-2207-frameImage style-local-235-c16-frameImage\"><\/div>\n                      <\/div>\n                    <\/a>\n                  <\/div>\n                <\/div>\n                <div data-colibri-id=\"235-c17\" class=\"h-row-container gutters-row-lg-0 gutters-row-md-0 gutters-row-2 gutters-row-v-lg-0 gutters-row-v-md-0 gutters-row-v-2 style-2208 style-local-235-c17 position-relative\">\n                  <!---->\n                  <div class=\"h-row justify-content-lg-center justify-content-md-center justify-content-center align-items-lg-stretch align-items-md-stretch align-items-stretch gutters-col-lg-0 gutters-col-md-0 gutters-col-2 gutters-col-v-lg-0 gutters-col-v-md-0 gutters-col-v-2\">\n                    <!---->\n                    <div class=\"h-column h-column-container d-flex h-col-lg-auto h-col-md-auto h-col-auto style-2209-outer style-local-235-c18-outer\">\n                      <div data-colibri-id=\"235-c18\" class=\"d-flex h-flex-basis h-column__inner h-px-lg-2 h-px-md-3 h-px-2 v-inner-lg-2 v-inner-md-3 v-inner-2 style-2209 style-local-235-c18 position-relative\">\n                        <!---->\n                        <!---->\n                        <div class=\"w-100 h-y-container h-column__content h-column__v-align flex-basis-100 align-self-lg-start align-self-md-start align-self-start\">\n                          <!---->\n                          <div data-colibri-id=\"235-c19\" class=\"h-global-transition-all h-heading style-2210 style-local-235-c19 position-relative h-element\">\n                            <!---->\n                            <div class=\"h-heading__outer style-2210 style-local-235-c19\">\n                              <!---->\n                              <!---->\n                              <a href=\"https:\/\/corade.org\/en\/offres-de-formation\/la-gestion-axee-sur-les-resultats\/\" h-use-smooth-scroll=\"true\">\n                                <h4 class=\"\">Integration of the SDGs into local planning&nbsp;<\/h4>\n                              <\/a>\n                            <\/div>\n                          <\/div>\n                          <div data-colibri-id=\"235-c20\" class=\"h-text h-text-component style-2211 style-local-235-c20 position-relative h-element\">\n                            <!---->\n                            <!---->\n                            <div class=\"\"><\/div>\n                          <\/div>\n                        <\/div>\n                      <\/div>\n                    <\/div>\n                  <\/div>\n                <\/div>\n              <\/div>\n            <\/div>\n          <\/div>\n          <div data-aos=\"fadeInUp\" class=\"h-column h-column-container d-flex h-col-lg-4 h-col-md-6 h-col-12 style-2206-outer style-local-235-c21-outer\">\n            <div data-colibri-id=\"235-c21\" class=\"d-flex h-flex-basis h-column__inner h-px-lg-0 h-px-md-0 h-px-0 v-inner-lg-0 v-inner-md-0 v-inner-0 style-2206 style-local-235-c21 position-relative\">\n              <!---->\n              <!---->\n              <div class=\"w-100 h-y-container h-column__content h-column__v-align flex-basis-100 align-self-lg-start align-self-md-start align-self-start\">\n                <!---->\n                <div data-colibri-id=\"235-c22\" class=\"d-block style-2260 style-local-235-c22 position-relative h-element\">\n                  <!---->\n                  <div class=\"h-image__frame-container-outer\">\n                    <a href=\"https:\/\/corade.org\/en\/offres-de-formation\/travail-dequipe-communication-interpersonnelle\/\" h-use-smooth-scroll=\"true\" class=\"image-link\">\n                      <div class=\"h-image__frame-container\">\n                        <!---->\n                        <!---->\n                        <img decoding=\"async\" width=\"1024\" height=\"768\" data-src=\"https:\/\/corade.org\/wp-content\/uploads\/2021\/06\/Champs.jpg\" class=\"wp-image-4840 style-2260-image style-local-235-c22-image lazyload\" alt=\"\" data-srcset=\"https:\/\/corade.org\/wp-content\/uploads\/2021\/06\/Champs.jpg 1024w, https:\/\/corade.org\/wp-content\/uploads\/2021\/06\/Champs-300x225.jpg 300w, https:\/\/corade.org\/wp-content\/uploads\/2021\/06\/Champs-768x576.jpg 768w\" data-sizes=\"(max-width: 1024px) 100vw, 1024px\" src=\"data:image\/svg+xml;base64,PHN2ZyB3aWR0aD0iMSIgaGVpZ2h0PSIxIiB4bWxucz0iaHR0cDovL3d3dy53My5vcmcvMjAwMC9zdmciPjwvc3ZnPg==\" style=\"--smush-placeholder-width: 1024px; --smush-placeholder-aspect-ratio: 1024\/768;\" \/>\n                        <div class=\"h-image__frame h-hide-lg h-hide-md h-hide-sm style-2260-frameImage style-local-235-c22-frameImage\"><\/div>\n                      <\/div>\n                    <\/a>\n                  <\/div>\n                <\/div>\n                <div data-colibri-id=\"235-c23\" class=\"h-global-transition-all h-heading style-2263 style-local-235-c23 position-relative h-element\">\n                  <!---->\n                  <div class=\"h-heading__outer style-2263 style-local-235-c23\">\n                    <!---->\n                    <!---->\n                    <a href=\"https:\/\/corade.org\/en\/offres-de-formation\/travail-dequipe-communication-interpersonnelle\/\" h-use-smooth-scroll=\"true\">\n                      <h4 class=\"\">Results-based management<\/h4>\n                    <\/a>\n                  <\/div>\n                <\/div>\n                <div data-colibri-id=\"235-c24\" class=\"h-text h-text-component style-2264 style-local-235-c24 position-relative h-element\">\n                  <!---->\n                  <!---->\n                  <div class=\"\"><\/div>\n                <\/div>\n              <\/div>\n            <\/div>\n          <\/div>\n          <div data-aos=\"fadeInUp\" class=\"h-column h-column-container d-flex h-col-lg-4 h-col-md-6 h-col-12 style-2206-outer style-local-235-c25-outer\">\n            <div data-colibri-id=\"235-c25\" class=\"d-flex h-flex-basis h-column__inner h-px-lg-0 h-px-md-0 h-px-0 v-inner-lg-0 v-inner-md-0 v-inner-0 style-2206 style-local-235-c25 position-relative\">\n              <!---->\n              <!---->\n              <div class=\"w-100 h-y-container h-column__content h-column__v-align flex-basis-100 align-self-lg-start align-self-md-start align-self-start\">\n                <!---->\n                <div data-colibri-id=\"235-c26\" class=\"d-block style-2260 style-local-235-c26 position-relative h-element\">\n                  <!---->\n                  <div class=\"h-image__frame-container-outer\">\n                    <a href=\"https:\/\/corade.org\/en\/offres-de-formation\/plaidoyer-et-influence-politique\/\" h-use-smooth-scroll=\"true\" class=\"image-link\">\n                      <div class=\"h-image__frame-container\">\n                        <!---->\n                        <!---->\n                        <img decoding=\"async\" width=\"2560\" height=\"1920\" data-src=\"https:\/\/corade.org\/wp-content\/uploads\/2021\/07\/DSC02863-scaled.jpg\" class=\"wp-image-5227 style-2260-image style-local-235-c26-image lazyload\" alt=\"\" data-srcset=\"https:\/\/corade.org\/wp-content\/uploads\/2021\/07\/DSC02863-scaled.jpg 2560w, https:\/\/corade.org\/wp-content\/uploads\/2021\/07\/DSC02863-300x225.jpg 300w, https:\/\/corade.org\/wp-content\/uploads\/2021\/07\/DSC02863-1024x768.jpg 1024w, https:\/\/corade.org\/wp-content\/uploads\/2021\/07\/DSC02863-768x576.jpg 768w, https:\/\/corade.org\/wp-content\/uploads\/2021\/07\/DSC02863-1536x1152.jpg 1536w, https:\/\/corade.org\/wp-content\/uploads\/2021\/07\/DSC02863-2048x1536.jpg 2048w\" data-sizes=\"(max-width: 2560px) 100vw, 2560px\" src=\"data:image\/svg+xml;base64,PHN2ZyB3aWR0aD0iMSIgaGVpZ2h0PSIxIiB4bWxucz0iaHR0cDovL3d3dy53My5vcmcvMjAwMC9zdmciPjwvc3ZnPg==\" style=\"--smush-placeholder-width: 2560px; --smush-placeholder-aspect-ratio: 2560\/1920;\" \/>\n                        <div class=\"h-image__frame h-hide-lg h-hide-md h-hide-sm style-2260-frameImage style-local-235-c26-frameImage\"><\/div>\n                      <\/div>\n                    <\/a>\n                  <\/div>\n                <\/div>\n                <div data-colibri-id=\"235-c27\" class=\"h-global-transition-all h-heading style-2263 style-local-235-c27 position-relative h-element\">\n                  <!---->\n                  <div class=\"h-heading__outer style-2263 style-local-235-c27\">\n                    <!---->\n                    <!---->\n                    <a href=\"https:\/\/corade.org\/en\/offres-de-formation\/plaidoyer-et-influence-politique\/\" h-use-smooth-scroll=\"true\">\n                      <h4 class=\"\">Conflict sensitive project and program management<\/h4>\n                    <\/a>\n                  <\/div>\n                <\/div>\n                <div data-colibri-id=\"235-c28\" class=\"h-text h-text-component style-2264 style-local-235-c28 position-relative h-element\">\n                  <!---->\n                  <!---->\n                  <div class=\"\"><\/div>\n                <\/div>\n                <div data-colibri-id=\"235-c29\" class=\"h-x-container style-2265 style-local-235-c29 position-relative h-element\">\n                  <!---->\n                  <div class=\"h-x-container-inner style-dynamic-235-c29-group style-2265-spacing style-local-235-c29-spacing\"><span class=\"h-link__outer style-2266-outer style-local-235-c30-outer d-inline-flex h-element\"><a h-use-smooth-scroll=\"true\" href=\"https:\/\/corade.org\/en\/offres-de-formation\/plaidoyer-et-influence-politique\/\"  data-colibri-id=\"235-c30\" class=\"d-flex w-100 align-items-center h-link style-2266 style-local-235-c30 position-relative\"><!----><!----> <span>D\u00e9couvrir<\/span>                    <span class=\"h-svg-icon h-link__icon style-2266-icon style-local-235-c30-icon\"><!--Icon by Icons8 Line Awesome (https:\/\/icons8.com\/line-awesome)--><svg version=\"1.1\" xmlns=\"http:\/\/www.w3.org\/2000\/svg\" xmlns:xlink=\"http:\/\/www.w3.org\/1999\/xlink\" id=\"angle-double-right\" viewbox=\"0 0 512 545.5\"><path d=\"M145.5 108.5l168 168L325 288l-11.5 11.5-168 168-22.5-23L279.5 288 123 131.5zm112 0l168 168L437 288l-11.5 11.5-168 168-22.5-23L391.5 288 235 131.5z\"><\/path><\/svg><\/span><\/a>\n                    <\/span>\n                  <\/div>\n                <\/div>\n              <\/div>\n            <\/div>\n          <\/div>\n        <\/div>\n      <\/div>\n    <\/div>\n  <\/div>\n<\/div>","protected":false},"excerpt":{"rendered":"<p>Tylay La d\u00e9marche Tylay est une d\u00e9marche d\u2019accompagnement centr\u00e9e sur la vie de la personne. D\u00e9couvrir Travail d&rsquo;\u00e9quipe et communication interpersonnelle Int\u00e9gration des ODD dans la planification locale&nbsp; Gestion ax\u00e9e sur les r\u00e9sultats Gestion de projets et programmes sensibles aux conflits D\u00e9couvrir<\/p>","protected":false},"author":1,"featured_media":1169,"parent":0,"menu_order":0,"comment_status":"closed","ping_status":"closed","template":"page-templates\/full-width-page.php","meta":{"footnotes":""},"class_list":["post-235","page","type-page","status-publish","has-post-thumbnail","hentry"],"jetpack_sharing_enabled":true,"_links":{"self":[{"href":"https:\/\/corade.org\/en\/wp-json\/wp\/v2\/pages\/235","targetHints":{"allow":["GET"]}}],"collection":[{"href":"https:\/\/corade.org\/en\/wp-json\/wp\/v2\/pages"}],"about":[{"href":"https:\/\/corade.org\/en\/wp-json\/wp\/v2\/types\/page"}],"author":[{"embeddable":true,"href":"https:\/\/corade.org\/en\/wp-json\/wp\/v2\/users\/1"}],"replies":[{"embeddable":true,"href":"https:\/\/corade.org\/en\/wp-json\/wp\/v2\/comments?post=235"}],"version-history":[{"count":20,"href":"https:\/\/corade.org\/en\/wp-json\/wp\/v2\/pages\/235\/revisions"}],"predecessor-version":[{"id":8330,"href":"https:\/\/corade.org\/en\/wp-json\/wp\/v2\/pages\/235\/revisions\/8330"}],"wp:featuredmedia":[{"embeddable":true,"href":"https:\/\/corade.org\/en\/wp-json\/wp\/v2\/media\/1169"}],"wp:attachment":[{"href":"https:\/\/corade.org\/en\/wp-json\/wp\/v2\/media?parent=235"}],"curies":[{"name":"wp","href":"https:\/\/api.w.org\/{rel}","templated":true}]}}