{"id":904,"date":"2021-05-21T17:30:26","date_gmt":"2021-05-21T17:30:26","guid":{"rendered":"https:\/\/corade.org\/?page_id=904"},"modified":"2024-04-23T12:10:08","modified_gmt":"2024-04-23T12:10:08","slug":"nos-mandats","status":"publish","type":"page","link":"https:\/\/corade.org\/en\/nos-mandats\/","title":{"rendered":"Our Mandates"},"content":{"rendered":"<div data-colibri-id=\"904-c1\" class=\"style-2175 style-local-904-c1 position-relative\">\n  <!---->\n  <div data-colibri-component=\"section\" data-colibri-id=\"904-c2\" data-aos=\"fadeInDown\" id=\"hero\" class=\"h-section h-section-global-spacing d-flex align-items-lg-center align-items-md-center align-items-center style-3743 style-local-904-c2 position-relative\">\n    <!---->\n    <!---->\n    <div class=\"h-section-grid-container h-section-fluid-container\">\n      <!---->\n      <div data-colibri-id=\"904-c3\" class=\"h-row-container gutters-row-lg-0 gutters-row-md-0 gutters-row-0 gutters-row-v-lg-0 gutters-row-v-md-0 gutters-row-v-0 style-3744 style-local-904-c3 position-relative\">\n        <!---->\n        <div class=\"h-row justify-content-lg-center justify-content-md-center justify-content-center align-items-lg-stretch align-items-md-stretch align-items-stretch gutters-col-lg-0 gutters-col-md-0 gutters-col-0 gutters-col-v-lg-0 gutters-col-v-md-0 gutters-col-v-0\">\n          <!---->\n          <div class=\"h-column h-column-container d-flex h-col-lg h-col-md h-col-auto style-3745-outer style-local-904-c4-outer\">\n            <div data-colibri-id=\"904-c4\" class=\"d-flex h-flex-basis h-column__inner h-px-lg-0 h-px-md-0 h-px-0 v-inner-lg-0 v-inner-md-0 v-inner-0 style-3745 style-local-904-c4 position-relative\">\n              <!---->\n              <!---->\n              <div class=\"w-100 h-y-container h-column__content h-column__v-align flex-basis-100 align-self-lg-center align-self-md-center align-self-center\">\n                <!---->\n                <div data-colibri-id=\"904-c5\" class=\"h-row-container gutters-row-lg-0 gutters-row-md-0 gutters-row-0 gutters-row-v-lg-0 gutters-row-v-md-0 gutters-row-v-0 style-3746 style-local-904-c5 position-relative\">\n                  <!---->\n                  <div class=\"h-row justify-content-lg-center justify-content-md-center justify-content-center align-items-lg-stretch align-items-md-stretch align-items-stretch gutters-col-lg-0 gutters-col-md-0 gutters-col-0 gutters-col-v-lg-0 gutters-col-v-md-0 gutters-col-v-0\">\n                    <!---->\n                    <div class=\"h-column h-column-container d-flex h-col-lg-auto h-col-md-auto h-col-auto style-3747-outer style-local-904-c6-outer\">\n                      <div data-colibri-id=\"904-c6\" class=\"d-flex h-flex-basis h-column__inner h-ui-empty-state-container h-px-lg-2 h-px-md-2 h-px-2 v-inner-lg-2 v-inner-md-2 v-inner-2 style-3747 style-local-904-c6 position-relative\">\n                        <!---->\n                        <!---->\n                        <div class=\"w-100 h-y-container h-column__content h-column__v-align flex-basis-100\">\n                          <!---->\n                        <\/div>\n                      <\/div>\n                    <\/div>\n                    <div class=\"h-column h-column-container d-flex h-col-lg-auto h-col-md-auto h-col-auto style-3748-outer style-local-904-c7-outer\">\n                      <div data-colibri-id=\"904-c7\" class=\"d-flex h-flex-basis h-column__inner h-px-lg-2 h-px-md-2 h-px-2 v-inner-lg-2 v-inner-md-2 v-inner-2 style-3748 style-local-904-c7 position-relative\">\n                        <!---->\n                        <!---->\n                        <div class=\"w-100 h-y-container h-column__content h-column__v-align flex-basis-100 align-self-lg-center align-self-md-center align-self-center\">\n                          <!---->\n                          <div data-colibri-id=\"904-c8\" class=\"h-global-transition-all h-heading style-3749 style-local-904-c8 position-relative h-element\">\n                            <!---->\n                            <div class=\"h-heading__outer style-3749 style-local-904-c8\">\n                              <!---->\n                              <!---->\n                              <h1 class=\"\"><strong style=\"font-size: 114%; font-family: &quot;Playfair Display&quot;; color: rgb(255, 255, 255); font-weight: 900;\">Ongoing Mandates<\/strong><\/h1>\n                            <\/div>\n                          <\/div>\n                        <\/div>\n                      <\/div>\n                    <\/div>\n                    <div class=\"h-column h-column-container d-flex h-col-lg-auto h-col-md-auto h-col-auto style-3750-outer style-local-904-c9-outer\">\n                      <div data-colibri-id=\"904-c9\" class=\"d-flex h-flex-basis h-column__inner h-ui-empty-state-container h-px-lg-2 h-px-md-2 h-px-2 v-inner-lg-2 v-inner-md-2 v-inner-2 style-3750 style-local-904-c9 position-relative\">\n                        <!---->\n                        <!---->\n                        <div class=\"w-100 h-y-container h-column__content h-column__v-align flex-basis-100\">\n                          <!---->\n                        <\/div>\n                      <\/div>\n                    <\/div>\n                  <\/div>\n                <\/div>\n              <\/div>\n            <\/div>\n          <\/div>\n        <\/div>\n      <\/div>\n    <\/div>\n  <\/div>\n  <div data-colibri-component=\"section\" data-colibri-id=\"904-c10\" id=\"features-2\" class=\"h-section h-section-global-spacing d-flex align-items-lg-center align-items-md-center align-items-center style-2737 style-local-904-c10 position-relative\">\n    <!---->\n    <!---->\n    <div class=\"h-section-grid-container h-section-boxed-container\">\n      <div data-colibri-id=\"904-c21\" class=\"h-row-container gutters-row-lg-2 gutters-row-md-2 gutters-row-0 gutters-row-v-lg-2 gutters-row-v-md-2 gutters-row-v-2 style-2742 style-local-904-c21 position-relative\">\n        <!---->\n        <div class=\"h-row justify-content-lg-center justify-content-md-center justify-content-center align-items-lg-stretch align-items-md-stretch align-items-stretch gutters-col-lg-2 gutters-col-md-2 gutters-col-0 gutters-col-v-lg-2 gutters-col-v-md-2 gutters-col-v-2\">\n          <!---->\n          <div data-aos=\"fadeIn\" class=\"h-column h-column-container d-flex h-col-lg-auto h-col-md-auto h-col-auto style-2743-outer style-local-904-c22-outer\">\n            <div data-colibri-id=\"904-c22\" class=\"d-flex h-flex-basis h-column__inner h-px-lg-2 h-px-md-2 h-px-2 v-inner-lg-2 v-inner-md-2 v-inner-2 style-2743 style-local-904-c22 position-relative\">\n              <!---->\n              <!---->\n              <div class=\"w-100 h-y-container h-column__content h-column__v-align flex-basis-100 align-self-lg-start align-self-md-start align-self-start\">\n                <!---->\n                <div data-colibri-id=\"904-c23\" class=\"h-global-transition-all h-heading style-2744 style-local-904-c23 position-relative h-element\">\n                  <!---->\n                  <div class=\"h-heading__outer style-2744 style-local-904-c23\">\n                    <!---->\n                    <!---->\n                    <h2 class=\"\"><strong style=\"font-size: 123%; font-weight: 700; font-family: &quot;Playfair Display&quot;;\">Some of our mandates<\/strong><\/h2>\n                  <\/div>\n                <\/div>\n                <div data-colibri-id=\"904-c24\" class=\"h-lead h-text h-text-component style-2745 style-local-904-c24 position-relative h-element\">\n                  <!---->\n                  <!---->\n                  <div class=\"\">\n                    <p><span style=\"font-family: &quot;Arbutus Slab&quot;; font-size: 110%;\">Since 2005, CORADE has led development projects and programs, and developed innovative consulting and training approaches and tools in Burkina Faso and the West African sub-region.&nbsp;<\/span><\/p>\n                  <\/div>\n                <\/div>\n              <\/div>\n            <\/div>\n          <\/div>\n        <\/div>\n      <\/div>\n      <div data-colibri-id=\"904-c11\" class=\"h-row-container gutters-row-lg-2 gutters-row-md-2 gutters-row-2 gutters-row-v-lg-2 gutters-row-v-md-2 gutters-row-v-2 style-2738 style-local-904-c11 position-relative\">\n        <!---->\n        <div class=\"h-row justify-content-lg-center justify-content-md-center justify-content-center align-items-lg-stretch align-items-md-stretch align-items-stretch gutters-col-lg-2 gutters-col-md-2 gutters-col-2 gutters-col-v-lg-2 gutters-col-v-md-2 gutters-col-v-2\">\n          <!---->\n          <div data-aos=\"fadeInUp\" class=\"h-column h-column-container d-flex h-col-lg-3 h-col-md-3 h-col-6 style-2739-outer style-local-904-c12-outer\">\n            <div data-colibri-id=\"904-c12\" class=\"d-flex h-flex-basis h-column__inner h-px-lg-0 h-px-md-0 h-px-0 v-inner-lg-0 v-inner-md-0 v-inner-2 style-2739 style-local-904-c12 position-relative\">\n              <!---->\n              <!---->\n              <div class=\"w-100 h-y-container h-column__content h-column__v-align flex-basis-100 align-self-lg-start align-self-md-start align-self-start\">\n                <!---->\n                <div data-colibri-id=\"904-c13\" class=\"h-icon style-2740 style-local-904-c13 position-relative h-element\">\n                  <!---->\n                  <a href=\"https:\/\/corade.org\/en\/nos-mandats\/mandats-en-cours-dexecution\/\" h-use-smooth-scroll=\"true\"><span class=\"h-svg-icon h-icon__icon style-2740-icon style-local-904-c13-icon\"><!--Icon by Icons8 Line Awesome (https:\/\/icons8.com\/line-awesome)--><svg version=\"1.1\" xmlns=\"http:\/\/www.w3.org\/2000\/svg\" xmlns:xlink=\"http:\/\/www.w3.org\/1999\/xlink\" id=\"battery-3\" viewbox=\"0 0 512 545.5\"><path d=\"M48 160h384v80h32v96h-32v80H48V160zm32 32v192h320V192H80zm32 32h224v128H112V224z\"><\/path><\/svg><\/span><\/a>\n                <\/div>\n                <div data-colibri-id=\"904-c14\" class=\"h-global-transition-all h-heading style-2741 style-local-904-c14 position-relative h-element\">\n                  <!---->\n                  <div class=\"h-heading__outer style-2741 style-local-904-c14\">\n                    <!---->\n                    <!---->\n                    <a href=\"https:\/\/corade.org\/en\/nos-mandats\/mandats-en-cours-dexecution\/\" h-use-smooth-scroll=\"true\">\n                      <h4 class=\"\">Ongoing Mandates<\/h4>\n                    <\/a>\n                  <\/div>\n                <\/div>\n              <\/div>\n            <\/div>\n          <\/div>\n          <div data-aos=\"fadeInUp\" class=\"h-column h-column-container d-flex h-col-lg-3 h-col-md-3 h-col-6 style-2739-outer style-local-904-c15-outer\">\n            <div data-colibri-id=\"904-c15\" class=\"d-flex h-flex-basis h-column__inner h-px-lg-0 h-px-md-0 h-px-0 v-inner-lg-0 v-inner-md-0 v-inner-2 style-2739 style-local-904-c15 position-relative\">\n              <!---->\n              <!---->\n              <div class=\"w-100 h-y-container h-column__content h-column__v-align flex-basis-100 align-self-lg-start align-self-md-start align-self-start\">\n                <!---->\n                <div data-colibri-id=\"904-c16\" class=\"h-icon style-2740 style-local-904-c16 position-relative h-element\">\n                  <!---->\n                  <a href=\"https:\/\/corade.org\/en\/nos-mandats\/mandats-executes\/\" h-use-smooth-scroll=\"true\"><span class=\"h-svg-icon h-icon__icon style-2740-icon style-local-904-c16-icon\"><!--Icon by Font Awesome (https:\/\/fontawesome.com)-->\n    <svg version=\"1.1\" xmlns=\"http:\/\/www.w3.org\/2000\/svg\" xmlns:xlink=\"http:\/\/www.w3.org\/1999\/xlink\" id=\"check\" viewbox=\"0 0 1792 1896.0833\">\n      <path d=\"M1671 566q0 40-28 68l-724 724-136 136q-28 28-68 28t-68-28l-136-136-362-362q-28-28-28-68t28-68l136-136q28-28 68-28t68 28l294 295 656-657q28-28 68-28t68 28l136 136q28 28 28 68z\"><\/path>\n    <\/svg><\/span><\/a>\n                <\/div>\n                <div data-colibri-id=\"904-c17\" class=\"h-global-transition-all h-heading style-2741 style-local-904-c17 position-relative h-element\">\n                  <!---->\n                  <div class=\"h-heading__outer style-2741 style-local-904-c17\">\n                    <!---->\n                    <!---->\n                    <a href=\"https:\/\/corade.org\/en\/nos-mandats\/mandats-executes\/\" h-use-smooth-scroll=\"true\">\n                      <h4 class=\"\">Completed  Mandates<\/h4>\n                    <\/a>\n                  <\/div>\n                <\/div>\n              <\/div>\n            <\/div>\n          <\/div>\n          <div data-aos=\"fadeInUp\" class=\"h-column h-column-container d-flex h-col-lg-3 h-col-md-3 h-col-6 style-2739-outer style-local-904-c18-outer\">\n            <div data-colibri-id=\"904-c18\" class=\"d-flex h-flex-basis h-column__inner h-px-lg-0 h-px-md-0 h-px-0 v-inner-lg-0 v-inner-md-0 v-inner-2 style-2739 style-local-904-c18 position-relative\">\n              <!---->\n              <!---->\n              <div class=\"w-100 h-y-container h-column__content h-column__v-align flex-basis-100 align-self-lg-start align-self-md-start align-self-start\">\n                <!---->\n                <div data-colibri-id=\"904-c19\" class=\"h-icon style-2740 style-local-904-c19 position-relative h-element\">\n                  <!---->\n                  <a href=\"https:\/\/corade.org\/en\/nos-mandats\/prestations-de-courte-duree\/\" h-use-smooth-scroll=\"true\"><span class=\"h-svg-icon h-icon__icon style-2740-icon style-local-904-c19-icon\"><!--Icon by Material Icons (https:\/\/material.io)--><svg version=\"1.1\" xmlns=\"http:\/\/www.w3.org\/2000\/svg\" xmlns:xlink=\"http:\/\/www.w3.org\/1999\/xlink\" id=\"access_time\" viewbox=\"0 0 512 512\"><path d=\"M267 149v112l96 57-16 27-112-68V149h32zM135.5 376.5Q186 427 256 427t120.5-50.5Q427 326 427 256t-50.5-120.5Q326 85 256 85t-120.5 50.5Q85 186 85 256t50.5 120.5zm-30-271Q168 43 256 43t150.5 62.5Q469 168 469 256t-62.5 150.5Q344 469 256 469t-150.5-62.5Q43 344 43 256t62.5-150.5z\"><\/path><\/svg><\/span><\/a>\n                <\/div>\n                <div data-colibri-id=\"904-c20\" class=\"h-global-transition-all h-heading style-2741 style-local-904-c20 position-relative h-element\">\n                  <!---->\n                  <div class=\"h-heading__outer style-2741 style-local-904-c20\">\n                    <!---->\n                    <!---->\n                    <a href=\"https:\/\/corade.org\/en\/nos-mandats\/prestations-de-courte-duree\/\" h-use-smooth-scroll=\"true\">\n                      <h4 class=\"\">Short-Term Services<\/h4>\n                    <\/a>\n                  <\/div>\n                <\/div>\n              <\/div>\n            <\/div>\n          <\/div>\n        <\/div>\n      <\/div>\n    <\/div>\n  <\/div>\n<\/div>","protected":false},"excerpt":{"rendered":"<p>Mandats en Cours Quelques mandats Depuis 2005, CORADE a conduit de projets et programmes de d\u00e9veloppement, d\u00e9velopp\u00e9 des approches et outils innovants de conseils et formation au Burkina Faso comme dans la sous-r\u00e9gion ouest-africaine.&nbsp; Mandats en cours Mandats ex\u00e9cut\u00e9s Prestations de courte dur\u00e9e<\/p>","protected":false},"author":1,"featured_media":0,"parent":0,"menu_order":0,"comment_status":"closed","ping_status":"closed","template":"page-templates\/full-width-page.php","meta":{"footnotes":""},"class_list":["post-904","page","type-page","status-publish","hentry"],"jetpack_sharing_enabled":true,"_links":{"self":[{"href":"https:\/\/corade.org\/en\/wp-json\/wp\/v2\/pages\/904","targetHints":{"allow":["GET"]}}],"collection":[{"href":"https:\/\/corade.org\/en\/wp-json\/wp\/v2\/pages"}],"about":[{"href":"https:\/\/corade.org\/en\/wp-json\/wp\/v2\/types\/page"}],"author":[{"embeddable":true,"href":"https:\/\/corade.org\/en\/wp-json\/wp\/v2\/users\/1"}],"replies":[{"embeddable":true,"href":"https:\/\/corade.org\/en\/wp-json\/wp\/v2\/comments?post=904"}],"version-history":[{"count":21,"href":"https:\/\/corade.org\/en\/wp-json\/wp\/v2\/pages\/904\/revisions"}],"predecessor-version":[{"id":9701,"href":"https:\/\/corade.org\/en\/wp-json\/wp\/v2\/pages\/904\/revisions\/9701"}],"wp:attachment":[{"href":"https:\/\/corade.org\/en\/wp-json\/wp\/v2\/media?parent=904"}],"curies":[{"name":"wp","href":"https:\/\/api.w.org\/{rel}","templated":true}]}}