{"id":9062,"date":"2024-04-01T13:38:19","date_gmt":"2024-04-01T13:38:19","guid":{"rendered":"https:\/\/corade.org\/?page_id=9062"},"modified":"2024-04-01T17:07:29","modified_gmt":"2024-04-01T17:07:29","slug":"mandats-executes_tylay","status":"publish","type":"page","link":"https:\/\/corade.org\/en\/nos-mandats\/mandats-executes\/mandats-executes_tylay\/","title":{"rendered":"Mandats ex\u00e9cut\u00e9s_Tylay"},"content":{"rendered":"<div data-colibri-id=\"9062-c1\" class=\"style-4483 style-local-9062-c1 position-relative\">\n  <!---->\n  <div data-colibri-component=\"section\" data-colibri-id=\"9062-c2\" data-aos=\"fadeInDown\" id=\"reusable-sections-2\" class=\"h-section h-section-global-spacing d-flex align-items-lg-center align-items-md-center align-items-center style-4484 style-local-9062-c2 position-relative\">\n    <!---->\n    <!---->\n    <div class=\"h-section-grid-container h-section-fluid-container\">\n      <!---->\n      <div data-colibri-id=\"9062-c3\" class=\"h-row-container gutters-row-lg-0 gutters-row-md-0 gutters-row-0 gutters-row-v-lg-0 gutters-row-v-md-0 gutters-row-v-0 style-4485 style-local-9062-c3 position-relative\">\n        <!---->\n        <div class=\"h-row justify-content-lg-center justify-content-md-center justify-content-center align-items-lg-stretch align-items-md-stretch align-items-stretch gutters-col-lg-0 gutters-col-md-0 gutters-col-0 gutters-col-v-lg-0 gutters-col-v-md-0 gutters-col-v-0\">\n          <!---->\n          <div class=\"h-column h-column-container d-flex h-col-lg h-col-md h-col-auto style-4486-outer style-local-9062-c4-outer\">\n            <div data-colibri-id=\"9062-c4\" class=\"d-flex h-flex-basis h-column__inner h-px-lg-0 h-px-md-0 h-px-0 v-inner-lg-0 v-inner-md-0 v-inner-0 style-4486 style-local-9062-c4 position-relative\">\n              <!---->\n              <!---->\n              <div class=\"w-100 h-y-container h-column__content h-column__v-align flex-basis-100 align-self-lg-center align-self-md-center align-self-center\">\n                <!---->\n                <div data-colibri-id=\"9062-c5\" class=\"h-row-container gutters-row-lg-1 gutters-row-md-1 gutters-row-0 gutters-row-v-lg-1 gutters-row-v-md-1 gutters-row-v-1 style-4487 style-local-9062-c5 position-relative\">\n                  <!---->\n                  <div class=\"h-row justify-content-lg-center justify-content-md-center justify-content-center align-items-lg-stretch align-items-md-stretch align-items-stretch gutters-col-lg-1 gutters-col-md-1 gutters-col-0 gutters-col-v-lg-1 gutters-col-v-md-1 gutters-col-v-1\">\n                    <!---->\n                    <div class=\"h-column h-column-container d-flex h-col-lg-12 h-col-md-12 h-col-12 style-4489-outer style-local-9062-c6-outer\">\n                      <div data-colibri-id=\"9062-c6\" class=\"d-flex h-flex-basis h-column__inner h-px-lg-0 h-px-md-0 h-px-0 v-inner-lg-0 v-inner-md-0 v-inner-0 style-4489 style-local-9062-c6 position-relative\">\n                        <!---->\n                        <!---->\n                        <div class=\"w-100 h-y-container h-column__content h-column__v-align flex-basis-100 align-self-lg-center align-self-md-center align-self-center\">\n                          <!---->\n                          <div data-colibri-id=\"9062-c7\" class=\"h-global-transition-all h-heading style-4490 style-local-9062-c7 position-relative h-element\">\n                            <!---->\n                            <div class=\"h-heading__outer style-4490 style-local-9062-c7\">\n                              <!---->\n                              <!---->\n                              <h1 class=\"\"><strong style=\"font-size: 114%; font-family: &quot;Playfair Display&quot;; color: rgb(255, 255, 255); font-weight: 900;\">Mandats Tylay<\/strong><\/h1>\n                            <\/div>\n                          <\/div>\n                        <\/div>\n                      <\/div>\n                    <\/div>\n                  <\/div>\n                <\/div>\n              <\/div>\n            <\/div>\n          <\/div>\n        <\/div>\n      <\/div>\n    <\/div>\n  <\/div>\n  <div data-colibri-component=\"section\" data-colibri-id=\"9062-c8\" id=\"features\" class=\"h-section h-section-global-spacing d-flex align-items-lg-center align-items-md-center align-items-center style-4492 style-local-9062-c8 position-relative\">\n    <!---->\n    <!---->\n    <div class=\"h-section-grid-container h-section-fluid-container\">\n      <!---->\n      <div data-colibri-id=\"9062-c9\" data-aos=\"fadeInUp\" class=\"h-row-container gutters-row-lg-2 gutters-row-md-2 gutters-row-2 gutters-row-v-lg-2 gutters-row-v-md-2 gutters-row-v-2 style-4493 style-local-9062-c9 position-relative\">\n        <!---->\n        <div class=\"h-row justify-content-lg-center justify-content-md-center justify-content-center align-items-lg-stretch align-items-md-stretch align-items-stretch gutters-col-lg-2 gutters-col-md-2 gutters-col-2 gutters-col-v-lg-2 gutters-col-v-md-2 gutters-col-v-2\">\n          <!---->\n          <div data-aos=\"fadeInUp\" class=\"h-column h-column-container d-flex h-col-lg-12 h-col-md-12 h-col-12 style-4494-outer style-local-9062-c10-outer\">\n            <div data-colibri-id=\"9062-c10\" class=\"d-flex h-flex-basis h-column__inner h-px-lg-0 h-px-md-0 h-px-0 v-inner-lg-0 v-inner-md-0 v-inner-0 style-4494 style-local-9062-c10 position-relative\">\n              <!---->\n              <!---->\n              <div class=\"w-100 h-y-container h-column__content h-column__v-align flex-basis-100 align-self-lg-start align-self-md-start align-self-start\">\n                <!---->\n                <div data-colibri-id=\"9062-c11\" class=\"h-row-container gutters-row-lg-0 gutters-row-md-0 gutters-row-0 gutters-row-v-lg-0 gutters-row-v-md-0 gutters-row-v-0 style-4495 style-local-9062-c11 position-relative\">\n                  <!---->\n                  <div class=\"h-row justify-content-lg-center justify-content-md-center justify-content-center align-items-lg-stretch align-items-md-stretch align-items-stretch gutters-col-lg-0 gutters-col-md-0 gutters-col-0 gutters-col-v-lg-0 gutters-col-v-md-0 gutters-col-v-0\">\n                    <!---->\n                    <div class=\"h-column h-column-container d-flex h-col-lg-auto h-col-md-auto h-col-auto style-4496-outer style-local-9062-c12-outer\">\n                      <div data-colibri-id=\"9062-c12\" class=\"d-flex h-flex-basis h-column__inner h-ui-empty-state-container h-px-lg-0 h-px-md-0 h-px-0 v-inner-lg-0 v-inner-md-0 v-inner-0 style-4496 style-local-9062-c12 position-relative\">\n                        <!---->\n                        <!---->\n                        <div class=\"w-100 h-y-container h-column__content h-column__v-align flex-basis-100\">\n                          <!---->\n                        <\/div>\n                      <\/div>\n                    <\/div>\n                    <div class=\"h-column h-column-container d-flex h-col-lg-auto h-col-md-auto h-col-auto style-4497-outer style-local-9062-c13-outer\">\n                      <div data-colibri-id=\"9062-c13\" class=\"d-flex h-flex-basis h-column__inner h-px-lg-3 h-px-md-3 h-px-3 v-inner-lg-3 v-inner-md-3 v-inner-3 style-4497 style-local-9062-c13 position-relative\">\n                        <!---->\n                        <!---->\n                        <div class=\"w-100 h-y-container h-column__content h-column__v-align flex-basis-100 align-self-lg-center align-self-md-center align-self-center\">\n                          <!---->\n                          <div data-colibri-id=\"9062-c14\" class=\"h-global-transition-all h-heading style-4498 style-local-9062-c14 position-relative h-element\">\n                            <!---->\n                            <div class=\"h-heading__outer style-4498 style-local-9062-c14\">\n                              <!---->\n                              <!---->\n                              <h4 class=\"\">Partnership for improving the performance of family farms<\/h4>\n                            <\/div>\n                          <\/div>\n                          <div data-colibri-id=\"9062-c15\" class=\"h-x-container style-4500 style-local-9062-c15 position-relative h-element\">\n                            <!---->\n                            <div class=\"h-x-container-inner style-dynamic-9062-c15-group style-4500-spacing style-local-9062-c15-spacing\"><span class=\"h-button__outer style-4501-outer style-local-9062-c16-outer d-inline-flex h-element\"><a h-use-smooth-scroll=\"true\" href=\"https:\/\/corade.org\/en\/nos-mandats\/mandats-executes\/mandats-executes_tylay\/partenariat-pour-lamelioration-des-performances-des-exploitations-agricoles-familiales\/\"  data-colibri-id=\"9062-c16\" class=\"d-flex w-100 align-items-center h-button justify-content-lg-center justify-content-md-center justify-content-center style-4501 style-local-9062-c16 position-relative\"><!----><!----> <span>Discover ...<\/span><\/a>\n                              <\/span>\n                            <\/div>\n                          <\/div>\n                        <\/div>\n                      <\/div>\n                    <\/div>\n                  <\/div>\n                <\/div>\n              <\/div>\n            <\/div>\n          <\/div>\n        <\/div>\n      <\/div>\n      <div data-colibri-id=\"9062-c17\" data-aos=\"fadeInUp\" class=\"h-row-container gutters-row-lg-2 gutters-row-md-2 gutters-row-2 gutters-row-v-lg-2 gutters-row-v-md-2 gutters-row-v-2 style-4493 style-local-9062-c17 position-relative\">\n        <!---->\n        <div class=\"h-row justify-content-lg-center justify-content-md-center justify-content-center align-items-lg-stretch align-items-md-stretch align-items-stretch gutters-col-lg-2 gutters-col-md-2 gutters-col-2 gutters-col-v-lg-2 gutters-col-v-md-2 gutters-col-v-2\">\n          <!---->\n          <div data-aos=\"fadeInUp\" class=\"h-column h-column-container d-flex h-col-lg-12 h-col-md-12 h-col-12 style-4494-outer style-local-9062-c18-outer\">\n            <div data-colibri-id=\"9062-c18\" class=\"d-flex h-flex-basis h-column__inner h-px-lg-0 h-px-md-0 h-px-0 v-inner-lg-0 v-inner-md-0 v-inner-0 style-4494 style-local-9062-c18 position-relative\">\n              <!---->\n              <!---->\n              <div class=\"w-100 h-y-container h-column__content h-column__v-align flex-basis-100 align-self-lg-start align-self-md-start align-self-start\">\n                <!---->\n                <div data-colibri-id=\"9062-c19\" class=\"h-row-container gutters-row-lg-0 gutters-row-md-0 gutters-row-0 gutters-row-v-lg-0 gutters-row-v-md-0 gutters-row-v-0 style-4495 style-local-9062-c19 position-relative\">\n                  <!---->\n                  <div class=\"h-row justify-content-lg-center justify-content-md-center justify-content-center align-items-lg-stretch align-items-md-stretch align-items-stretch gutters-col-lg-0 gutters-col-md-0 gutters-col-0 gutters-col-v-lg-0 gutters-col-v-md-0 gutters-col-v-0\">\n                    <!---->\n                    <div class=\"h-column h-column-container d-flex h-col-lg-auto h-col-md-auto h-col-auto style-4502-outer style-local-9062-c20-outer\">\n                      <div data-colibri-id=\"9062-c20\" class=\"d-flex h-flex-basis h-column__inner h-ui-empty-state-container h-px-lg-0 h-px-md-0 h-px-0 v-inner-lg-0 v-inner-md-0 v-inner-0 style-4502 style-local-9062-c20 position-relative\">\n                        <!---->\n                        <!---->\n                        <div class=\"w-100 h-y-container h-column__content h-column__v-align flex-basis-100\">\n                          <!---->\n                        <\/div>\n                      <\/div>\n                    <\/div>\n                    <div class=\"h-column h-column-container d-flex h-col-lg-auto h-col-md-auto h-col-auto style-4497-outer style-local-9062-c21-outer\">\n                      <div data-colibri-id=\"9062-c21\" class=\"d-flex h-flex-basis h-column__inner h-px-lg-3 h-px-md-3 h-px-3 v-inner-lg-3 v-inner-md-3 v-inner-3 style-4497 style-local-9062-c21 position-relative\">\n                        <!---->\n                        <!---->\n                        <div class=\"w-100 h-y-container h-column__content h-column__v-align flex-basis-100 align-self-lg-center align-self-md-center align-self-center\">\n                          <!---->\n                          <div data-colibri-id=\"9062-c22\" class=\"h-global-transition-all h-heading style-4498 style-local-9062-c22 position-relative h-element\">\n                            <!---->\n                            <div class=\"h-heading__outer style-4498 style-local-9062-c22\">\n                              <!---->\n                              <!---->\n                              <h4 class=\"\">Tylay training for stakeholders in the Regional Education and Training Program for Pastoral Populations in cross-border areas (PREPP)<\/h4>\n                            <\/div>\n                          <\/div>\n                          <div data-colibri-id=\"9062-c23\" class=\"h-x-container style-4500 style-local-9062-c23 position-relative h-element\">\n                            <!---->\n                            <div class=\"h-x-container-inner style-dynamic-9062-c23-group style-4500-spacing style-local-9062-c23-spacing\"><span class=\"h-button__outer style-4501-outer style-local-9062-c24-outer d-inline-flex h-element\"><a h-use-smooth-scroll=\"true\" href=\"https:\/\/corade.org\/en\/revenez-plus-tard\/\"  data-colibri-id=\"9062-c24\" class=\"d-flex w-100 align-items-center h-button justify-content-lg-center justify-content-md-center justify-content-center style-4501 style-local-9062-c24 position-relative\"><!----><!----> <span>Discover ...<\/span><\/a>\n                              <\/span>\n                            <\/div>\n                          <\/div>\n                        <\/div>\n                      <\/div>\n                    <\/div>\n                  <\/div>\n                <\/div>\n              <\/div>\n            <\/div>\n          <\/div>\n        <\/div>\n      <\/div>\n    <\/div>\n  <\/div>\n<\/div>","protected":false},"excerpt":{"rendered":"<p>Mandats Tylay Partenariat pour l\u2019am\u00e9lioration des performances des exploitations agricoles familiales D\u00e9couvrir&#8230; Formation Tylay au profit des acteurs du Programme R\u00e9gional d\u2019Education et Formation des Populations Pastorales en zones transfrontali\u00e8res (PREPP) D\u00e9couvrir&#8230;<\/p>","protected":false},"author":1,"featured_media":0,"parent":968,"menu_order":0,"comment_status":"closed","ping_status":"closed","template":"page-templates\/full-width-page.php","meta":{"footnotes":""},"class_list":["post-9062","page","type-page","status-publish","hentry"],"jetpack_sharing_enabled":true,"_links":{"self":[{"href":"https:\/\/corade.org\/en\/wp-json\/wp\/v2\/pages\/9062","targetHints":{"allow":["GET"]}}],"collection":[{"href":"https:\/\/corade.org\/en\/wp-json\/wp\/v2\/pages"}],"about":[{"href":"https:\/\/corade.org\/en\/wp-json\/wp\/v2\/types\/page"}],"author":[{"embeddable":true,"href":"https:\/\/corade.org\/en\/wp-json\/wp\/v2\/users\/1"}],"replies":[{"embeddable":true,"href":"https:\/\/corade.org\/en\/wp-json\/wp\/v2\/comments?post=9062"}],"version-history":[{"count":6,"href":"https:\/\/corade.org\/en\/wp-json\/wp\/v2\/pages\/9062\/revisions"}],"predecessor-version":[{"id":9158,"href":"https:\/\/corade.org\/en\/wp-json\/wp\/v2\/pages\/9062\/revisions\/9158"}],"up":[{"embeddable":true,"href":"https:\/\/corade.org\/en\/wp-json\/wp\/v2\/pages\/968"}],"wp:attachment":[{"href":"https:\/\/corade.org\/en\/wp-json\/wp\/v2\/media?parent=9062"}],"curies":[{"name":"wp","href":"https:\/\/api.w.org\/{rel}","templated":true}]}}