{"id":969,"date":"2021-05-21T18:43:51","date_gmt":"2021-05-21T18:43:51","guid":{"rendered":"https:\/\/corade.org\/?page_id=969"},"modified":"2024-04-10T15:49:36","modified_gmt":"2024-04-10T15:49:36","slug":"prestations-de-courte-duree","status":"publish","type":"page","link":"https:\/\/corade.org\/en\/nos-mandats\/prestations-de-courte-duree\/","title":{"rendered":"Short-Term Services"},"content":{"rendered":"<div data-colibri-id=\"969-c1\" class=\"style-1767 style-local-969-c1 position-relative\">\n  <!---->\n  <div data-colibri-component=\"section\" data-colibri-id=\"969-c2\" data-aos=\"fadeInDown\" id=\"hero\" class=\"h-section h-section-global-spacing d-flex align-items-lg-center align-items-md-center align-items-center style-3735 style-local-969-c2 position-relative\">\n    <!---->\n    <!---->\n    <div class=\"h-section-grid-container h-section-fluid-container\">\n      <!---->\n      <div data-colibri-id=\"969-c3\" class=\"h-row-container gutters-row-lg-0 gutters-row-md-0 gutters-row-0 gutters-row-v-lg-0 gutters-row-v-md-0 gutters-row-v-0 style-3736 style-local-969-c3 position-relative\">\n        <!---->\n        <div class=\"h-row justify-content-lg-center justify-content-md-center justify-content-center align-items-lg-stretch align-items-md-stretch align-items-stretch gutters-col-lg-0 gutters-col-md-0 gutters-col-0 gutters-col-v-lg-0 gutters-col-v-md-0 gutters-col-v-0\">\n          <!---->\n          <div class=\"h-column h-column-container d-flex h-col-lg h-col-md h-col-auto style-3737-outer style-local-969-c4-outer\">\n            <div data-colibri-id=\"969-c4\" class=\"d-flex h-flex-basis h-column__inner h-px-lg-0 h-px-md-0 h-px-0 v-inner-lg-0 v-inner-md-0 v-inner-0 style-3737 style-local-969-c4 position-relative\">\n              <!---->\n              <!---->\n              <div class=\"w-100 h-y-container h-column__content h-column__v-align flex-basis-100 align-self-lg-center align-self-md-center align-self-center\">\n                <!---->\n                <div data-colibri-id=\"969-c5\" class=\"h-row-container gutters-row-lg-0 gutters-row-md-0 gutters-row-0 gutters-row-v-lg-0 gutters-row-v-md-0 gutters-row-v-0 style-3738 style-local-969-c5 position-relative\">\n                  <!---->\n                  <div class=\"h-row justify-content-lg-center justify-content-md-center justify-content-center align-items-lg-stretch align-items-md-stretch align-items-stretch gutters-col-lg-0 gutters-col-md-0 gutters-col-0 gutters-col-v-lg-0 gutters-col-v-md-0 gutters-col-v-0\">\n                    <!---->\n                    <div class=\"h-column h-column-container d-flex h-col-lg-auto h-col-md-auto h-col-auto style-3739-outer style-local-969-c6-outer\">\n                      <div data-colibri-id=\"969-c6\" class=\"d-flex h-flex-basis h-column__inner h-ui-empty-state-container h-px-lg-2 h-px-md-2 h-px-2 v-inner-lg-2 v-inner-md-2 v-inner-2 style-3739 style-local-969-c6 position-relative\">\n                        <!---->\n                        <!---->\n                        <div class=\"w-100 h-y-container h-column__content h-column__v-align flex-basis-100\">\n                          <!---->\n                        <\/div>\n                      <\/div>\n                    <\/div>\n                    <div class=\"h-column h-column-container d-flex h-col-lg-auto h-col-md-auto h-col-auto style-3740-outer style-local-969-c7-outer\">\n                      <div data-colibri-id=\"969-c7\" class=\"d-flex h-flex-basis h-column__inner h-px-lg-2 h-px-md-2 h-px-2 v-inner-lg-2 v-inner-md-2 v-inner-2 style-3740 style-local-969-c7 position-relative\">\n                        <!---->\n                        <!---->\n                        <div class=\"w-100 h-y-container h-column__content h-column__v-align flex-basis-100 align-self-lg-center align-self-md-center align-self-center\">\n                          <!---->\n                          <div data-colibri-id=\"969-c8\" class=\"h-global-transition-all h-heading style-3741 style-local-969-c8 position-relative h-element\">\n                            <!---->\n                            <div class=\"h-heading__outer style-3741 style-local-969-c8\">\n                              <!---->\n                              <!---->\n                              <h1 class=\"\"><strong style=\"font-size: 114%; font-family: &quot;Playfair Display&quot;; color: rgb(255, 255, 255); font-weight: 900;\">Short <br>Term Services<\/strong><\/h1>\n                            <\/div>\n                          <\/div>\n                        <\/div>\n                      <\/div>\n                    <\/div>\n                    <div class=\"h-column h-column-container d-flex h-col-lg-auto h-col-md-auto h-col-auto style-3742-outer style-local-969-c9-outer\">\n                      <div data-colibri-id=\"969-c9\" class=\"d-flex h-flex-basis h-column__inner h-ui-empty-state-container h-px-lg-2 h-px-md-2 h-px-2 v-inner-lg-2 v-inner-md-2 v-inner-2 style-3742 style-local-969-c9 position-relative\">\n                        <!---->\n                        <!---->\n                        <div class=\"w-100 h-y-container h-column__content h-column__v-align flex-basis-100\">\n                          <!---->\n                        <\/div>\n                      <\/div>\n                    <\/div>\n                  <\/div>\n                <\/div>\n              <\/div>\n            <\/div>\n          <\/div>\n        <\/div>\n      <\/div>\n    <\/div>\n  <\/div>\n  <div data-colibri-component=\"section\" data-colibri-id=\"969-c10\" data-aos=\"fadeInUp\" id=\"features-3\" class=\"h-section h-section-global-spacing d-flex align-items-lg-center align-items-md-center align-items-center style-3483 style-local-969-c10 position-relative\">\n    <!---->\n    <!---->\n    <div class=\"h-section-grid-container h-section-boxed-container\">\n      <!---->\n      <div data-colibri-id=\"969-c11\" class=\"h-row-container gutters-row-lg-2 gutters-row-md-2 gutters-row-2 gutters-row-v-lg-2 gutters-row-v-md-2 gutters-row-v-2 style-3484 style-local-969-c11 position-relative\">\n        <!---->\n        <div class=\"h-row justify-content-lg-center justify-content-md-center justify-content-center align-items-lg-stretch align-items-md-stretch align-items-stretch gutters-col-lg-2 gutters-col-md-2 gutters-col-2 gutters-col-v-lg-2 gutters-col-v-md-2 gutters-col-v-2\">\n          <!---->\n          <div class=\"h-column h-column-container d-flex h-col-lg-auto h-col-md-auto h-col-auto style-3485-outer style-local-969-c12-outer\">\n            <div data-colibri-id=\"969-c12\" class=\"d-flex h-flex-basis h-column__inner h-px-lg-0 h-px-md-0 h-px-0 v-inner-lg-0 v-inner-md-0 v-inner-0 style-3485 style-local-969-c12 position-relative\">\n              <!---->\n              <!---->\n              <div class=\"w-100 h-y-container h-column__content h-column__v-align flex-basis-100 align-self-lg-center align-self-md-center align-self-center\">\n                <!---->\n                <div data-colibri-id=\"969-c13\" data-aos=\"fadeInUp\" class=\"h-row-container gutters-row-lg-2 gutters-row-md-2 gutters-row-2 gutters-row-v-lg-2 gutters-row-v-md-2 gutters-row-v-2 style-3473 style-local-969-c13 position-relative\">\n                  <!---->\n                  <div class=\"h-row justify-content-lg-center justify-content-md-center justify-content-center align-items-lg-stretch align-items-md-stretch align-items-stretch gutters-col-lg-2 gutters-col-md-2 gutters-col-2 gutters-col-v-lg-2 gutters-col-v-md-2 gutters-col-v-2\">\n                    <!---->\n                    <div data-aos=\"fadeInUp\" class=\"h-column h-column-container d-flex h-col-lg-12 h-col-md-12 h-col-12 style-3474-outer style-local-969-c14-outer\">\n                      <div data-colibri-id=\"969-c14\" class=\"d-flex h-flex-basis h-column__inner h-px-lg-2 h-px-md-2 h-px-0 v-inner-lg-2 v-inner-md-2 v-inner-0 style-3474 style-local-969-c14 position-relative\">\n                        <!---->\n                        <!---->\n                        <div class=\"w-100 h-y-container h-column__content h-column__v-align flex-basis-100 align-self-lg-start align-self-md-start align-self-start\">\n                          <!---->\n                          <div data-colibri-id=\"969-c15\" class=\"h-icon style-3475 style-local-969-c15 position-relative h-element\">\n                            <!----><span class=\"h-svg-icon h-icon__icon style-3475-icon style-local-969-c15-icon\"><!--Icon by Icons8 Line Awesome (https:\/\/icons8.com\/line-awesome)--><svg version=\"1.1\" xmlns=\"http:\/\/www.w3.org\/2000\/svg\" xmlns:xlink=\"http:\/\/www.w3.org\/1999\/xlink\" id=\"area-chart\" viewbox=\"0 0 512 545.5\"><path d=\"M448 97v383H64V204.5l19 4 73 14.5 91-60.5 5.5-3.5 6 1 89.5 15 74-58zm-32 65.5l-54 42-5.5 4.5-7-1-90-15-90.5 60.5-5.5 3.5-6.5-1.5-61-12V309l62 25 89-59.5 6.5-4 7.5 2.5 87.5 29 67.5-53.5v-86zm0 127l-54 43-7 5.5-8-3-88-29.5-90 60-7 4.5-8-3-58-23v104h320V289.5z\"><\/path><\/svg><\/span><\/div>\n                          <div\n                            data-colibri-id=\"969-c16\" class=\"h-global-transition-all h-heading style-3476 style-local-969-c16 position-relative h-element\">\n                            <!---->\n                            <div class=\"h-heading__outer style-3476 style-local-969-c16\">\n                              <!---->\n                              <!---->\n                              <h4 class=\"\">Market Study<\/h4>\n                            <\/div>\n                        <\/div>\n                        <div data-colibri-id=\"969-c17\" class=\"h-text h-text-component style-3477 style-local-969-c17 position-relative h-element\">\n                          <!---->\n                          <!---->\n                          <div class=\"\"><\/div>\n                        <\/div>\n                      <\/div>\n                    <\/div>\n                  <\/div>\n                  <div data-aos=\"fadeInUp\" class=\"h-column h-column-container d-flex h-col-lg-12 h-col-md-12 h-col-12 style-3474-outer style-local-969-c18-outer\">\n                    <div data-colibri-id=\"969-c18\" class=\"d-flex h-flex-basis h-column__inner h-px-lg-2 h-px-md-2 h-px-0 v-inner-lg-2 v-inner-md-2 v-inner-0 style-3474 style-local-969-c18 position-relative\">\n                      <!---->\n                      <!---->\n                      <div class=\"w-100 h-y-container h-column__content h-column__v-align flex-basis-100 align-self-lg-start align-self-md-start align-self-start\">\n                        <!---->\n                        <div data-colibri-id=\"969-c19\" class=\"h-icon style-3475 style-local-969-c19 position-relative h-element\">\n                          <!----><span class=\"h-svg-icon h-icon__icon style-3475-icon style-local-969-c19-icon\"><!--Icon by Font Awesome (https:\/\/fontawesome.com)-->\n    <svg version=\"1.1\" xmlns=\"http:\/\/www.w3.org\/2000\/svg\" xmlns:xlink=\"http:\/\/www.w3.org\/1999\/xlink\" id=\"pie-chart\" viewbox=\"0 0 1792 1896.0833\">\n      <path d=\"M768 890l546 546q-106 108-247.5 168T768 1664q-209 0-385.5-103T103 1281.5 0 896t103-385.5T382.5 231 768 128v762zm187 6h773q0 157-60 298.5T1500 1442zm709-128H896V0q209 0 385.5 103T1561 382.5 1664 768z\"><\/path>\n    <\/svg><\/span><\/div>\n                        <div data-colibri-id=\"969-c20\" class=\"h-global-transition-all h-heading style-3476 style-local-969-c20 position-relative h-element\">\n                          <!---->\n                          <div class=\"h-heading__outer style-3476 style-local-969-c20\">\n                            <!---->\n                            <!---->\n                            <h4 class=\"\">Feasibility studies<\/h4>\n                          <\/div>\n                        <\/div>\n                        <div data-colibri-id=\"969-c21\" class=\"h-text h-text-component style-3477 style-local-969-c21 position-relative h-element\">\n                          <!---->\n                          <!---->\n                          <div class=\"\"><\/div>\n                        <\/div>\n                      <\/div>\n                    <\/div>\n                  <\/div>\n                  <div data-aos=\"fadeInUp\" class=\"h-column h-column-container d-flex h-col-lg-12 h-col-md-12 h-col-12 style-3474-outer style-local-969-c22-outer\">\n                    <div data-colibri-id=\"969-c22\" class=\"d-flex h-flex-basis h-column__inner h-px-lg-2 h-px-md-2 h-px-0 v-inner-lg-2 v-inner-md-2 v-inner-0 style-3474 style-local-969-c22 position-relative\">\n                      <!---->\n                      <!---->\n                      <div class=\"w-100 h-y-container h-column__content h-column__v-align flex-basis-100 align-self-lg-start align-self-md-start align-self-start\">\n                        <!---->\n                        <div data-colibri-id=\"969-c23\" class=\"h-icon style-2731 style-local-969-c23 position-relative h-element\">\n                          <!---->\n                          <a href=\"https:\/\/corade.org\/en\/nos-mandats-devaluation-de-projets-programmes\/\" h-use-smooth-scroll=\"true\"><span class=\"h-svg-icon h-icon__icon style-2731-icon style-local-969-c23-icon\"><!--Icon by Icons8 Line Awesome (https:\/\/icons8.com\/line-awesome)--><svg version=\"1.1\" xmlns=\"http:\/\/www.w3.org\/2000\/svg\" xmlns:xlink=\"http:\/\/www.w3.org\/1999\/xlink\" id=\"balance-scale\" viewbox=\"0 0 512 545.5\"><path d=\"M256 112c20.672 0 38.31 13.508 45 32h115v32h-22.5l4.5 8 64 112 2 4v4c0 43.992-36.008 80-80 80s-80-36.008-80-80v-4l2-4 64-112 4.5-8H301c-4.863 13.44-15.56 24.137-29 29v211h64v32H176v-32h64V205c-13.474-4.87-24.115-15.5-29-29h-73.5l4.5 8 64 112 2 4v4c0 43.992-36.008 80-80 80s-80-36.008-80-80v-4l2-4 64-112 4.5-8H96v-32h115c6.69-18.492 24.328-32 45-32zm0 32c-9.026 0-16 6.974-16 16s6.974 16 16 16 16-6.974 16-16-6.974-16-16-16zm-128 80.5L91.5 288h73zm256 0L347.5 288h73zM84 320c6.432 18.576 23.104 32 44 32s37.568-13.424 44-32H84zm256 0c6.432 18.576 23.104 32 44 32s37.568-13.424 44-32h-88z\"><\/path><\/svg><\/span><\/a>\n                        <\/div>\n                        <div data-colibri-id=\"969-c24\" class=\"h-global-transition-all h-heading style-3476 style-local-969-c24 position-relative h-element\">\n                          <!---->\n                          <div class=\"h-heading__outer style-3476 style-local-969-c24\">\n                            <!---->\n                            <!---->\n                            <h4 class=\"\">Project\/Program Evaluation<\/h4>\n                          <\/div>\n                        <\/div>\n                        <div data-colibri-id=\"969-c25\" class=\"h-text h-text-component style-3477 style-local-969-c25 position-relative h-element\">\n                          <!---->\n                          <!---->\n                          <div class=\"\"><\/div>\n                        <\/div>\n                      <\/div>\n                    <\/div>\n                  <\/div>\n                <\/div>\n              <\/div>\n            <\/div>\n          <\/div>\n        <\/div>\n        <div data-aos=\"fadeInUp\" class=\"h-column h-column-container d-flex h-col-lg-auto h-col-md-auto h-col-auto style-3491-outer style-local-969-c26-outer\">\n          <div data-colibri-id=\"969-c26\" class=\"d-flex h-flex-basis h-column__inner h-ui-empty-state-container h-px-lg-2 h-px-md-2 h-px-2 v-inner-lg-2 v-inner-md-2 v-inner-2 style-3491 style-local-969-c26 position-relative\">\n            <!---->\n            <!---->\n            <div class=\"w-100 h-y-container h-column__content h-column__v-align flex-basis-100\">\n              <!---->\n            <\/div>\n          <\/div>\n        <\/div>\n        <div data-aos=\"fadeInUp\" class=\"h-column h-column-container d-flex h-col-lg-auto h-col-md-auto h-col-auto style-3485-outer style-local-969-c27-outer\">\n          <div data-colibri-id=\"969-c27\" class=\"d-flex h-flex-basis h-column__inner h-px-lg-0 h-px-md-0 h-px-0 v-inner-lg-0 v-inner-md-0 v-inner-0 style-3485 style-local-969-c27 position-relative\">\n            <!---->\n            <!---->\n            <div class=\"w-100 h-y-container h-column__content h-column__v-align flex-basis-100 align-self-lg-center align-self-md-center align-self-center\">\n              <!---->\n              <div data-colibri-id=\"969-c28\" class=\"h-row-container gutters-row-lg-2 gutters-row-md-2 gutters-row-2 gutters-row-v-lg-2 gutters-row-v-md-2 gutters-row-v-2 style-3473 style-local-969-c28 position-relative\">\n                <!---->\n                <div class=\"h-row justify-content-lg-center justify-content-md-center justify-content-center align-items-lg-stretch align-items-md-stretch align-items-stretch gutters-col-lg-2 gutters-col-md-2 gutters-col-2 gutters-col-v-lg-2 gutters-col-v-md-2 gutters-col-v-2\">\n                  <!---->\n                  <div data-aos=\"fadeInUp\" class=\"h-column h-column-container d-flex h-col-lg-12 h-col-md-12 h-col-12 style-3474-outer style-local-969-c29-outer\">\n                    <div data-colibri-id=\"969-c29\" class=\"d-flex h-flex-basis h-column__inner h-px-lg-2 h-px-md-2 h-px-0 v-inner-lg-2 v-inner-md-2 v-inner-0 style-3474 style-local-969-c29 position-relative\">\n                      <!---->\n                      <!---->\n                      <div class=\"w-100 h-y-container h-column__content h-column__v-align flex-basis-100 align-self-lg-start align-self-md-start align-self-start\">\n                        <!---->\n                        <div data-colibri-id=\"969-c30\" class=\"h-icon style-3475 style-local-969-c30 position-relative h-element\">\n                          <!----><span class=\"h-svg-icon h-icon__icon style-3475-icon style-local-969-c30-icon\"><!--Icon by Ionicons (https:\/\/ionicons.com)--><svg version=\"1.1\" xmlns=\"http:\/\/www.w3.org\/2000\/svg\" xmlns:xlink=\"http:\/\/www.w3.org\/1999\/xlink\" id=\"android-people\" viewbox=\"0 0 448 512\"><path d=\"M305 232c-34 0-61-27-61-60s27-60 61-60 62 27 62 60-28 60-62 60zm-162 0c-34 0-62-27-62-60s28-60 62-60 61 27 61 60-27 60-61 60zm0 44c48 0 145 23 145 70v54H0v-54c0-47 95-70 143-70zm162 11c48 0 143 12 143 59v54H320v-54c0-30-9-41-32-58 7-1 11-1 17-1z\"><\/path><\/svg><\/span><\/div>\n                        <div\n                          data-colibri-id=\"969-c31\" class=\"h-global-transition-all h-heading style-3476 style-local-969-c31 position-relative h-element\">\n                          <!---->\n                          <div class=\"h-heading__outer style-3476 style-local-969-c31\">\n                            <!---->\n                            <!---->\n                            <h4 class=\"\">Workshop moderation<\/h4>\n                          <\/div>\n                      <\/div>\n                      <div data-colibri-id=\"969-c32\" class=\"h-text h-text-component style-3477 style-local-969-c32 position-relative h-element\">\n                        <!---->\n                        <!---->\n                        <div class=\"\"><\/div>\n                      <\/div>\n                    <\/div>\n                  <\/div>\n                <\/div>\n                <div data-aos=\"fadeInUp\" class=\"h-column h-column-container d-flex h-col-lg-12 h-col-md-12 h-col-12 style-3474-outer style-local-969-c33-outer\">\n                  <div data-colibri-id=\"969-c33\" class=\"d-flex h-flex-basis h-column__inner h-px-lg-2 h-px-md-2 h-px-0 v-inner-lg-2 v-inner-md-2 v-inner-0 style-3474 style-local-969-c33 position-relative\">\n                    <!---->\n                    <!---->\n                    <div class=\"w-100 h-y-container h-column__content h-column__v-align flex-basis-100 align-self-lg-start align-self-md-start align-self-start\">\n                      <!---->\n                      <div data-colibri-id=\"969-c34\" class=\"h-icon style-3475 style-local-969-c34 position-relative h-element\">\n                        <!----><span class=\"h-svg-icon h-icon__icon style-3475-icon style-local-969-c34-icon\"><!--Icon by Icons8 Line Awesome (https:\/\/icons8.com\/line-awesome)--><svg version=\"1.1\" xmlns=\"http:\/\/www.w3.org\/2000\/svg\" xmlns:xlink=\"http:\/\/www.w3.org\/1999\/xlink\" id=\"bar-chart\" viewbox=\"0 0 512 545.5\"><path d=\"M336 96h128v384H336V96zm32 32v320h64V128h-64zM48 192h128v288H48V192zm32 32v224h64V224H80zm112 64h128v192H192V288zm32 32v128h64V320h-64z\"><\/path><\/svg><\/span><\/div>\n                      <div\n                        data-colibri-id=\"969-c35\" class=\"h-global-transition-all h-heading style-3476 style-local-969-c35 position-relative h-element\">\n                        <!---->\n                        <div class=\"h-heading__outer style-3476 style-local-969-c35\">\n                          <!---->\n                          <!---->\n                          <h4 class=\"\">Capitalization<\/h4>\n                        <\/div>\n                    <\/div>\n                    <div data-colibri-id=\"969-c36\" class=\"h-text h-text-component style-3477 style-local-969-c36 position-relative h-element\">\n                      <!---->\n                      <!---->\n                      <div class=\"\"><\/div>\n                    <\/div>\n                  <\/div>\n                <\/div>\n              <\/div>\n              <div data-aos=\"fadeInUp\" class=\"h-column h-column-container d-flex h-col-lg-12 h-col-md-12 h-col-12 style-3474-outer style-local-969-c37-outer\">\n                <div data-colibri-id=\"969-c37\" class=\"d-flex h-flex-basis h-column__inner h-px-lg-2 h-px-md-2 h-px-0 v-inner-lg-2 v-inner-md-2 v-inner-0 style-3474 style-local-969-c37 position-relative\">\n                  <!---->\n                  <!---->\n                  <div class=\"w-100 h-y-container h-column__content h-column__v-align flex-basis-100 align-self-lg-start align-self-md-start align-self-start\">\n                    <!---->\n                    <div data-colibri-id=\"969-c38\" class=\"h-icon style-3475 style-local-969-c38 position-relative h-element\">\n                      <!----><span class=\"h-svg-icon h-icon__icon style-3475-icon style-local-969-c38-icon\"><!--Icon by Font Awesome (https:\/\/fontawesome.com)-->\n    <svg version=\"1.1\" xmlns=\"http:\/\/www.w3.org\/2000\/svg\" xmlns:xlink=\"http:\/\/www.w3.org\/1999\/xlink\" id=\"mortar-board\" viewbox=\"0 0 2304 1896.0833\">\n      <path d=\"M1774 836l18 316q4 69-82 128t-235 93.5-323 34.5-323-34.5-235-93.5-82-128l18-316 574 181q22 7 48 7t48-7zm530-324q0 23-22 31L1162 895q-4 1-10 1t-10-1L490 689q-43 34-71 111.5T385 979q63 36 63 109 0 69-58 107l58 433q2 14-8 25-9 11-24 11H224q-15 0-24-11-10-11-8-25l58-433q-58-38-58-107 0-73 65-111 11-207 98-330L22 543q-22-8-22-31t22-31l1120-352q4-1 10-1t10 1l1120 352q22 8 22 31z\"><\/path>\n    <\/svg><\/span><\/div>\n                    <div data-colibri-id=\"969-c39\" class=\"h-global-transition-all h-heading style-3476 style-local-969-c39 position-relative h-element\">\n                      <!---->\n                      <div class=\"h-heading__outer style-3476 style-local-969-c39\">\n                        <!---->\n                        <!---->\n                        <h4 class=\"\">Training<\/h4>\n                      <\/div>\n                    <\/div>\n                    <div data-colibri-id=\"969-c40\" class=\"h-text h-text-component style-3477 style-local-969-c40 position-relative h-element\">\n                      <!---->\n                      <!---->\n                      <div class=\"\"><\/div>\n                    <\/div>\n                  <\/div>\n                <\/div>\n              <\/div>\n              <div data-aos=\"fadeInUp\" class=\"h-column h-column-container d-flex h-col-lg-12 h-col-md-12 h-col-12 style-3474-outer style-local-969-c41-outer\">\n                <div data-colibri-id=\"969-c41\" class=\"d-flex h-flex-basis h-column__inner h-px-lg-2 h-px-md-2 h-px-0 v-inner-lg-2 v-inner-md-2 v-inner-0 style-3474 style-local-969-c41 position-relative\">\n                  <!---->\n                  <!---->\n                  <div class=\"w-100 h-y-container h-column__content h-column__v-align flex-basis-100 align-self-lg-start align-self-md-start align-self-start\">\n                    <!---->\n                    <div data-colibri-id=\"969-c42\" class=\"h-icon style-3475 style-local-969-c42 position-relative h-element\">\n                      <!----><span class=\"h-svg-icon h-icon__icon style-3475-icon style-local-969-c42-icon\"><!--Icon by Icons8 Line Awesome (https:\/\/icons8.com\/line-awesome)--><svg version=\"1.1\" xmlns=\"http:\/\/www.w3.org\/2000\/svg\" xmlns:xlink=\"http:\/\/www.w3.org\/1999\/xlink\" id=\"suitcase\" viewbox=\"0 0 512 545.5\"><path d=\"M224 80h64c17.49 0 32 14.51 32 32v16h48v-16h32v16h32c17.49 0 32 14.51 32 32v256c0 17.49-14.51 32-32 32H80c-17.49 0-32-14.51-32-32V160c0-17.49 14.51-32 32-32h32v-16h32v16h48v-16c0-17.49 14.51-32 32-32zm0 32v16h64v-16h-64zM80 160v256h32V176h32v240h224V176h32v240h32V160H80z\"><\/path><\/svg><\/span><\/div>\n                    <div\n                      data-colibri-id=\"969-c43\" class=\"h-global-transition-all h-heading style-3476 style-local-969-c43 position-relative h-element\">\n                      <!---->\n                      <div class=\"h-heading__outer style-3476 style-local-969-c43\">\n                        <!---->\n                        <!---->\n                        <h4 class=\"\">Organizational diagnosis and strategic planning<\/h4>\n                      <\/div>\n                  <\/div>\n                  <div data-colibri-id=\"969-c44\" class=\"h-text h-text-component style-3477 style-local-969-c44 position-relative h-element\">\n                    <!---->\n                    <!---->\n                    <div class=\"\"><\/div>\n                  <\/div>\n                <\/div>\n              <\/div>\n            <\/div>\n          <\/div>\n        <\/div>\n      <\/div>\n    <\/div>\n  <\/div>\n<\/div>\n<\/div>\n<\/div>\n<\/div>\n<\/div>","protected":false},"excerpt":{"rendered":"<p>Mandats de Courte Dur\u00e9 Etude de March\u00e9 Etude de Faisabilit\u00e9 Evaluation de Projets\/Programmes Mod\u00e9ration d&rsquo;Atelier Capitalisation Formation Diagnostic organisationnel et Planification strat\u00e9gique<\/p>","protected":false},"author":1,"featured_media":0,"parent":904,"menu_order":0,"comment_status":"closed","ping_status":"closed","template":"page-templates\/full-width-page.php","meta":{"footnotes":""},"class_list":["post-969","page","type-page","status-publish","hentry"],"jetpack_sharing_enabled":true,"_links":{"self":[{"href":"https:\/\/corade.org\/en\/wp-json\/wp\/v2\/pages\/969","targetHints":{"allow":["GET"]}}],"collection":[{"href":"https:\/\/corade.org\/en\/wp-json\/wp\/v2\/pages"}],"about":[{"href":"https:\/\/corade.org\/en\/wp-json\/wp\/v2\/types\/page"}],"author":[{"embeddable":true,"href":"https:\/\/corade.org\/en\/wp-json\/wp\/v2\/users\/1"}],"replies":[{"embeddable":true,"href":"https:\/\/corade.org\/en\/wp-json\/wp\/v2\/comments?post=969"}],"version-history":[{"count":20,"href":"https:\/\/corade.org\/en\/wp-json\/wp\/v2\/pages\/969\/revisions"}],"predecessor-version":[{"id":9425,"href":"https:\/\/corade.org\/en\/wp-json\/wp\/v2\/pages\/969\/revisions\/9425"}],"up":[{"embeddable":true,"href":"https:\/\/corade.org\/en\/wp-json\/wp\/v2\/pages\/904"}],"wp:attachment":[{"href":"https:\/\/corade.org\/en\/wp-json\/wp\/v2\/media?parent=969"}],"curies":[{"name":"wp","href":"https:\/\/api.w.org\/{rel}","templated":true}]}}